{"id":956,"date":"2017-07-08T01:05:26","date_gmt":"2017-07-07T23:05:26","guid":{"rendered":"http:\/\/clandata.sytes.net\/wordpress\/?page_id=956"},"modified":"2017-10-07T18:03:10","modified_gmt":"2017-10-07T16:03:10","slug":"kultur","status":"publish","type":"page","link":"https:\/\/clandata.sytes.net\/wordpress\/kultur\/","title":{"rendered":"Vereine"},"content":{"rendered":"<p>In Gro\u00df-Scham waren die Vereine ein fester Bestandteil im Leben der Dorfbewohner.<\/p>\n<h5>Musik- und Gesangsvereine<\/h5>\n<figure id=\"attachment_1200\" aria-describedby=\"caption-attachment-1200\" style=\"width: 300px\" class=\"wp-caption alignleft\"><img loading=\"lazy\" decoding=\"async\" class=\"size-medium wp-image-1200\" src=\"http:\/\/clandata.sytes.net\/wordpress\/wp-content\/uploads\/2017\/07\/1932_M\u00e4nnergesangsverein-Gro\u00df-Scham-1932-300x200.jpg\" alt=\"\" width=\"300\" height=\"200\" srcset=\"https:\/\/clandata.sytes.net\/wordpress\/wp-content\/uploads\/2017\/07\/1932_M\u00e4nnergesangsverein-Gro\u00df-Scham-1932-300x200.jpg 300w, https:\/\/clandata.sytes.net\/wordpress\/wp-content\/uploads\/2017\/07\/1932_M\u00e4nnergesangsverein-Gro\u00df-Scham-1932-768x512.jpg 768w, https:\/\/clandata.sytes.net\/wordpress\/wp-content\/uploads\/2017\/07\/1932_M\u00e4nnergesangsverein-Gro\u00df-Scham-1932-1024x683.jpg 1024w, https:\/\/clandata.sytes.net\/wordpress\/wp-content\/uploads\/2017\/07\/1932_M\u00e4nnergesangsverein-Gro\u00df-Scham-1932-1200x800.jpg 1200w\" sizes=\"auto, (max-width: 300px) 85vw, 300px\" \/><figcaption id=\"caption-attachment-1200\" class=\"wp-caption-text\">M\u00e4nnergesangsverein &#8211; zum 40-j\u00e4hrigen Jubil\u00e4umsfest und Fahnenweihe<\/figcaption><\/figure>\n<p>Der erste Gesangsverein wurde ca. 1870 gegr\u00fcndet; Chorleiter war Peter Hessler. Dieser Verein stellte aber gegen Ende des 19. Jahrhunderts seine T\u00e4tigkeit ein.<br \/>\nUm 1892 entstand der M\u00e4nnergesangsverein. Die Chormeister waren Franz Kern (bis 1896) und Josef Wildner (bis 1. Weltkrieg). Der Vorsitzende des Vereins war Peter Hergatt. Nach dem 1. Weltkrieg wurde der Verein reaktiviert und feierte seine gr\u00f6\u00dften Erfolge in der Zeit zwischen den beiden Weltkriege. 1933 gab es ein Musikfest. Vorsitzender des Vereins war Peter K\u00e4mpfer und Chorleiter Nikolaus Sch\u00fctz; der Chor z\u00e4hlte damals 32 Mitglieder. Nachdem N. Sch\u00fctz wieder in sein Heimatort Lowrin zog, verringerten sich auch die Aktivit\u00e4ten des Vereins. Der letzte gr\u00f6\u00dfere Auftritt war 1938.<\/p>\n<figure id=\"attachment_1337\" aria-describedby=\"caption-attachment-1337\" style=\"width: 300px\" class=\"wp-caption alignleft\"><img loading=\"lazy\" decoding=\"async\" class=\"wp-image-1337 size-medium\" src=\"http:\/\/clandata.sytes.net\/wordpress\/wp-content\/uploads\/2017\/07\/admin-ajax-300x222.jpg\" alt=\"\" width=\"300\" height=\"222\" srcset=\"https:\/\/clandata.sytes.net\/wordpress\/wp-content\/uploads\/2017\/07\/admin-ajax-300x222.jpg 300w, https:\/\/clandata.sytes.net\/wordpress\/wp-content\/uploads\/2017\/07\/admin-ajax.jpg 311w\" sizes=\"auto, (max-width: 300px) 85vw, 300px\" \/><figcaption id=\"caption-attachment-1337\" class=\"wp-caption-text\">Lyra Gesangsverein 1. Reihe unten v.l.n.r.: Lenhard Georg, Parsche Otto, Glaser Jakob, Peter Christmann jun., Kropatschek Elisabeth, Stendl Heinrich, Parsche Robert, Mayer Hans 2. Reihe sitzend: Dudek Anna, Thiel Katharina, Winter Katharina, Damaskovic Nada, Christmann Peter jun., Christmann Peter sen., Christmann Elisabeth, Str\u00f6bl Peter (Chorleiter), Klemens Elisabeth, Klemens Lissi, M\u00fcller Leni, Isaffe Barbara 3. Reihe : Weinrauch Leni, Adamek Katharina, Parsche Elisabeth, Mayer Eva, Mayer Johann, Korany Peter, Geisel Franz, Dasinger Katharina, Gerhard Marie, Haupt Marie, Weinrauch Jakob 4. Reihe: Kropatschek Josef, Wingert Gertrude, Winter Leni , Geisel Anton, Parsche Bandi, Thal Georg, Hubert Heinrich, Hubert Anna, M\u00fcller Katharina, Korany Katharina 5. Reihe: Franz Michael, Lenhard Georg, Parsche Josef, Wingert Stefan, Winter Philip, Isaffe Andreas, Scheidnas Josef, Klemens Josef, M\u00fcller Josef, Lauritz Heinrich 6. Reihe: Stendl Peter, Franz Hans, Thiel Michael, Batliner Franz, M\u00fcller Joschi, Sent Georg, Lenhard Andreas, Haupt Mathias, Anwender Josef, Braun Josef<\/figcaption><\/figure>\n<p>Der Musik- und Gesangsverein &#8222;Lyra&#8220; wurde 1930 ins Leben gerufen unter der Leitung von Peter Str\u00f6bl. Der Verein setzte sich aus einem Orchester und einem Chor zusammen. Die S\u00e4nger und die Musiker, Bl\u00e4ser und Streicher, &nbsp;wurden sorgf\u00e4ltig ausgew\u00e4hlt und angelernt. 1933 hatte der Chor 64 Mitglieder; das Orchester bestand aus 4 Geigen, 2 Bratschen, 1 Cello, 1 Bassgeige, 1 Trompete und 1 Posaune. Als besondere Leistungen des Vereins seien das Auff\u00fchren des Singspiels &#8222;Dreim\u00e4dlhaus&#8220; von H. Bertl mit Melodien von F. Schubert sowie ein Passionsspiel genannt. 1935 erhielt der Verein eine Fahne, die am 25. August geweiht wurde.<\/p>\n<p><strong>Die Musikkapellen<br \/>\n<\/strong>In Gro\u00df\u2013Scham gab es immer eine Musikkapelle, zeitweise sogar zwei. Nach m\u00fcndlicher \u00dcberlieferung war um 1890 Peter Hochstrasser Leiter einer Musikkapelle in unserem Dorf. Er studierte bei der k. u. k. Milit\u00e4rmusik in Budapest und wurde Musiklehrer in Werschetz. Ein anderer Kapellmeister war Matthias Stepp. Sp\u00e4ter zog die Familie Stepp nach Amerika. Nach dem 1. Weltkrieg gr\u00fcndeten Lorenz Kerling eine Kapelle. Etwa zur gleichen Zeit kam eine weitere Kapelle unter der Leitung von Georg Streng zustande. Georg Streng war Leiter der Knabenkapelle. Kerling spielte im Wirtshaus Winter, und Streng spielte im Gasthaus Nachram. Nach Streng, der wieder nach Lovrin ging, \u00fcbernahm sein Sch\u00fcler Mathias Schmidt die Leitung der Knabenkapelle. W\u00e4hrend des Krieges gab es keine Musik. Nach dem Krieg versuchte sich Michael Rohr mit einer kleinen Kapelle. Aber unter den damaligen Umst\u00e4nden, war jede Bem\u00fchung zum Scheitern verurteilt.<\/p>\n<h5>Theatergruppe<\/h5>\n<p>Die Theatergruppe nach dem 2. Weltkrieg wurde von Peter Pallmann geleitet.<\/p>\n<h5>Religi\u00f6se Vereine<\/h5>\n<p>Es gab einige religi\u00f6se Vereine in Gro\u00df-Scham, jedoch nur sp\u00e4rliche Informationen dazu. Genannt sei beispielsweise der 1857 gegr\u00fcndete &#8222;Marien-M\u00e4dchenverein&#8220; unter der Leitung von Anna Ehri und Maria Brochmann.&nbsp;<\/p>\n<h5>Frauenvereine<\/h5>\n<p>1930 bildete sich eine Ortsgruppe des Katholischen Deutschen Frauenvereins in Gro\u00df-Scham. Hauptaufgabe war die Pflege des Brauchtums und der christlichen Lebensgestaltung. Unter der Leitung des Kaplans Bruckler wurde 1932 ein weiterer Verein gegr\u00fcndet: der Gro\u00df-Schamer M\u00e4dchenkranz. Auch dieser Verein hatte \u00e4hnliche Aufgaben wie der erstgenannte, zumal beide Vereine von der Benediktinerin Hildegardis Wulff in Temeswar gegr\u00fcndet wurden.<\/p>\n<h5>Jugendverein<\/h5>\n<p>1909 wurde der r\u00f6misch-katholische Jugendverein gegr\u00fcndet und hatte anfangs 34 Mitglieder. &nbsp;Nach dem 1. Weltkrieg wurde die Jugendarbeit wieder intensiviert, wobei insbesondere die Arbeit von Kaplan Bruckner hervorzuheben ist. Nach der Versetzung des Kaplans 1932 und auch des Lehrers Sch\u00fctz verringerten sich die Aktivit\u00e4ten des Vereins und kamen schlie\u00dflich ganz zum Erliegen.<\/p>\n<h5>Bauernverein<br \/>\n<\/h5>\n<p>Franz Thierjung ist der erste \u00f6rtliche Bauernverein zu verdanken, der 1894 entstand und 34 Mitglieder z\u00e4hlte. Als besondere Errungenschaft des Vereins ist die Errichtung der landwirtschaftlichen Wiederholungsschule zu verzeichnen. Sie wurde 1898 in Betrieb genommen. Des Weiteren bem\u00fchte sich der Verein um Absatzm\u00e4rkte f\u00fcr die landwirtschaftlichen Produkte und organisierte daf\u00fcr Ausstellungen. Nach dem 1. Weltkrieg weitete der Verein seine T\u00e4tigkeiten aus, es kamen neue Aufgaben durch die Technisierung der Landwirtschaft hinzu. Mit der Gr\u00fcndung der Erzeugergenossenschaft Anfang der 1930er-Jahren stellte der Bauernverein seine T\u00e4tigkeit ein.&nbsp;<\/p>\n<h5>Gewerbeverein<\/h5>\n<p>Der Gewerbeverein war Vereinigung der Handwerker. Die erste entstand 1851 unter dem Namen &#8222;Gemischte Gewerbe Genossenschaft&#8220;. Kurz nach der Gr\u00fcndung konnten schon 10 Lehrlinge betreut werden. Diese Kooperation wurde 1872 aufgel\u00f6st. 1875 wurde die Vereinigte &nbsp;Gewerbegenossenschaft&#8220; gegr\u00fcndet, die 1888 40 Mitglieder hatte. 1896 kam es dann zur Wiederbegr\u00fcndung der Organisation mit der alten Bezeichnung. 1900 wurde eine Gewerbelehrlingsschule ins Leben gerufen an der bereits ein Jahr sp\u00e4ter 31 Lehrlinge zur Schule gingen. Die gute Ausbildung und die Leistungen der Gro\u00df-Schamer Handwerker pr\u00e4sentierte sich auch in Ausstellungen. W\u00e4hrend des 1. Weltkriegs war die T\u00e4tigkeit des Vereins erloschen und wurde 1924 wieder aufgenommen. Ab 1936 h\u00f6rte der Verein auf zu existieren, bedingt durch politische Gr\u00fcnde.<\/p>\n<h5>Freiwillige Feuerwehr<\/h5>\n<p>1888 wurde der Verein der freiwilligen Feuerwehr gegr\u00fcndet. Den Vorsitz hatte Milutinowich, der 1902 von Paul Klemens abgel\u00f6st wurde. 1904 \u00fcbernahm Heinrich Platt das Amt des Vorsitzenden. Nach dem ersten Weltkrieg wurden die Ausbildung verbessert und leistungsf\u00e4higere L\u00f6schger\u00e4te &nbsp;eingesetzt. Dies kam dem Dorfe zugute, insbesondere aber bei den zwei Gro\u00dfbr\u00e4nde im Jahr 1930 und 1931. Bis zum 2. Weltkrieg hatten sich Peter Christmann, Anton Dasinger, Ludwig Martin, Anton Rummelfanger und Jakob Weinrauch in besonderem Ma\u00dfe in der Vereinsarbeit hervorgetan. Auch nach dem zweiten Weltkrieg blieb die freiwillige Feuerwehr Gro\u00df-Scham erhalten und setzte ihre T\u00e4tigkeit fort. Als Verantwortliche seien Stefan L\u00f6sch, Georg Schell und Heinrich Str\u00f6bl genannt.<\/p>\n<h5>Leichenbestattungsvereine<\/h5>\n<p>Die Vereine wurde zu einer wirtschaftlich schweren Zeit Gro\u00df-Schams ins Leben gerufen, um auch der \u00e4rmeren Bev\u00f6lkerung eine ordentliche Bestattung zu erm\u00f6glichen. Der erste Verein entstand 1898 und z\u00e4hlte 278 Mitglieder. Der zweite Verein konstituierte sich ebenfalls 1898 und hatte 328 Mitglieder. Nach dem 1. Weltkrieg gab es nur noch einen Verein, der auch nach 1944 weiter bestand.<\/p>\n<p><small>Quelle der Seite: Anton P. Petri, Hans Schmidt (1987): Heimatbuch der deutschen Gemeinde Gro\u00df-Scham im Banat. Gro\u00df-Schamer Heimatortgemeinschaft (Hrg.), Donauschw\u00e4bische Beitr\u00e4ge Nr. 81, S. 453-475<\/small><\/p>\n","protected":false},"excerpt":{"rendered":"<p>In Gro\u00df-Scham waren die Vereine ein fester Bestandteil im Leben der Dorfbewohner. Musik- und Gesangsvereine Der erste Gesangsverein wurde ca. 1870 gegr\u00fcndet; Chorleiter war Peter Hessler. Dieser Verein stellte aber gegen Ende des 19. Jahrhunderts seine T\u00e4tigkeit ein. Um 1892 entstand der M\u00e4nnergesangsverein. Die Chormeister waren Franz Kern (bis 1896) und Josef Wildner (bis 1. &hellip; <a href=\"https:\/\/clandata.sytes.net\/wordpress\/kultur\/\" class=\"more-link\"><span class=\"screen-reader-text\">&#8222;Vereine&#8220; <\/span>weiterlesen<\/a><\/p>\n","protected":false},"author":1,"featured_media":0,"parent":0,"menu_order":0,"comment_status":"closed","ping_status":"closed","template":"","meta":{"_cbd_carousel_blocks":"[]","ngg_post_thumbnail":0,"footnotes":""},"class_list":["post-956","page","type-page","status-publish","hentry"],"_links":{"self":[{"href":"https:\/\/clandata.sytes.net\/wordpress\/wp-json\/wp\/v2\/pages\/956","targetHints":{"allow":["GET"]}}],"collection":[{"href":"https:\/\/clandata.sytes.net\/wordpress\/wp-json\/wp\/v2\/pages"}],"about":[{"href":"https:\/\/clandata.sytes.net\/wordpress\/wp-json\/wp\/v2\/types\/page"}],"author":[{"embeddable":true,"href":"https:\/\/clandata.sytes.net\/wordpress\/wp-json\/wp\/v2\/users\/1"}],"replies":[{"embeddable":true,"href":"https:\/\/clandata.sytes.net\/wordpress\/wp-json\/wp\/v2\/comments?post=956"}],"version-history":[{"count":28,"href":"https:\/\/clandata.sytes.net\/wordpress\/wp-json\/wp\/v2\/pages\/956\/revisions"}],"predecessor-version":[{"id":1741,"href":"https:\/\/clandata.sytes.net\/wordpress\/wp-json\/wp\/v2\/pages\/956\/revisions\/1741"}],"wp:attachment":[{"href":"https:\/\/clandata.sytes.net\/wordpress\/wp-json\/wp\/v2\/media?parent=956"}],"curies":[{"name":"wp","href":"https:\/\/api.w.org\/{rel}","templated":true}]}}