{"id":627,"date":"2017-07-06T09:10:35","date_gmt":"2017-07-06T07:10:35","guid":{"rendered":"http:\/\/clandata.sytes.net\/wordpress\/?page_id=627"},"modified":"2020-05-30T14:23:20","modified_gmt":"2020-05-30T12:23:20","slug":"andreas-dittrich","status":"publish","type":"page","link":"https:\/\/clandata.sytes.net\/wordpress\/andreas-dittrich\/","title":{"rendered":"Personen"},"content":{"rendered":"<div class=\"title-post\">\n<p>Auf dieser Seite wird eine Liste von Menschen aus Gro\u00df-Scham erstellt, die sich in besonderem Ma\u00dfe um die Belange der Gemeinde und ihrer Bewohner verdient gemacht haben. Selbstverst\u00e4ndlich auch jene, die \u00fcber die Dorfgrenzen hinaus bekannt sind. Des Weiteren auch solche Leute, die weniger ber\u00fchmt sind, aber durch etwas Besonderes auffielen.<\/p>\n<p><strong>Andreas Altenbach<\/strong><br \/>\n(* 25.01.1845 in Gro\u00df-Scham; \u2020 20.02.1926 in Nakodorf)<br \/>\nwar von&nbsp;&nbsp;1909-1917 Torontaler Erzdechant und ab 1917 Abtpfarrer \u201ede Oroszl\u00e4mos\u201c.<br \/>\n<small>Quelle: Anton P. Petri (1922): Biographisches Lexikon des Banater Deutschtums. M\u00fchldorf<\/small><\/p>\n<p><strong>Andreas Dittrich<\/strong><br \/>\n(* 9.05.1905 in Gro\u00df-Scham; \u2020 25.06.1976 in Gro\u00df-Scham)<br \/>\nwurde \u00fcber die Dorfgrenzen hinaus bekannt durch seinen Brief, den er in der Gefangenschaft in eine Wand eingemauert hat. Viele Jahre sp\u00e4ter, bei Sanierungsarbeiten, wurde die Botschaft entdeckt.<br \/>\n&#8230; <a href=\"http:\/\/m.ebihoreanul.ro\/stiri\/ultima-or-31-6\/mesaj-din-infern--87358.html\" target=\"_blank\" rel=\"noopener noreferrer\">mehr<\/a><\/p>\n<p><strong>Matthias Hubert<\/strong><br \/>\n(* 16.08.1892 in Gro\u00df-Scham; \u2020 29.01.1964 in Temeswar)<br \/>\nEr war Architekt und P\u00e4dagoge &#8230; <a href=\"http:\/\/clandata.sytes.net\/wordpress\/matthias-hubert\/\" target=\"_blank\" rel=\"noopener noreferrer\">mehr<\/a><\/p>\n<p><strong>Otmar Fickinger<\/strong><br \/>\nwar HOG-Vorsitzender von 1991 bis 1995.<\/p>\n<p><strong>Jakob K\u00e4mpfer<br \/>\n<\/strong>(* 18.08.1898 in Gro\u00df-Scham; \u2020 3.07.1956 in Temeschburg)<br \/>\nwar Diplomkaufmann und &nbsp;Mundartschriftsteller unter dem Pseudonym \u201eKruwlichsjakob\u201c.<br \/>\n<small>Quelle: Anton P. Petri (1922): Biographisches Lexikon des Banater Deutschtums. M\u00fchldorf<\/small><br \/>\n&#8230; <a href=\"http:\/\/clandata.sytes.net\/wordpress\/jakob-kaempfer\/\" target=\"_blank\" rel=\"noopener noreferrer\">mehr<\/a><\/p>\n<p><strong>Johann Mayer<br \/>\n<\/strong>(* 31.08.1925 in Gro\u00df-Scham; \u2020 11.09.2013 in Schwabhausen)<br \/>\n&#8230;&nbsp;mehr<\/p>\n<p><strong>Rosemarie Mayer<\/strong><\/p>\n<p><strong>Michael Melcher<br \/>\n<\/strong>(* 27.07.1906 in Gro\u00df-Scham; &nbsp;\u2020 Datum\/Ort unbekannt)<br \/>\nwar Vorsitzender der \u201eVereinigung der Donauschwaben in Chikago\u201c<br \/>\n<small>Quelle: Anton P. Petri (1922): Biographisches Lexikon des Banater Deutschtums. M\u00fchldorf<\/small><\/p>\n<p><strong>&nbsp;<\/strong><strong>Konrad Mischung<br \/>\n<\/strong>(* 10.03.1887 in Gro\u00df-Scham; \u2020 19.08.1915 in Isonzo)<br \/>\n&#8230;&nbsp;<a href=\"http:\/\/clandata.sytes.net\/wordpress\/konrad-mischung\/\" target=\"_blank\" rel=\"noopener noreferrer\">mehr<\/a><\/p>\n<p><strong>Dietmar M\u00fcller<\/strong><br \/>\nwar HOG-Vorsitzender von 1987 bis 1991.<\/p>\n<p><strong>Nikolaus M\u00fcller<br \/>\n<\/strong>(* 9.05.1911 in Gro\u00df-Scham; \u2020 23.09.1986 in F\u00fcrstenfeldbruck)<br \/>\nNikolaus M\u00fcller war Mitglied der Landsmannschaft seit ihrer Gr\u00fcndung. Als Vorstand der HOG Gro\u00df-Scham hat er sich stets um die Belange seiner Landsleute bem\u00fcht und sich um sie verdient gemacht.<\/p>\n<p><strong>Dieter Niculescu<\/strong><\/p>\n<p><strong>Ewald Rohr<\/strong><br \/>\nwar HOG-Vorsitzender von 1995 bis 2001.<\/p>\n<p><strong>Hans Schmidt<\/strong><br \/>\n(* 12.04.1924 Gro\u00df-Scham; \u2020 12.11.2001 in Mondsee)<br \/>\nHans Schmidt war P\u00e4dagoge und Schulinspektor in Salzburg. Des Weiteren galt er auch als Fachautor; er verfasste das Werk &#8222;Heimatbuch der Gemeinde Gro\u00df-Scham im Banat&#8220; zusammen mit Dr. Petri.<br \/>\n&#8230; <a href=\"http:\/\/clandata.sytes.net\/wordpress\/hans-schmidt\/\" target=\"_blank\" rel=\"noopener noreferrer\">mehr<\/a><\/p>\n<p><strong>Maria Schmidt<br \/>\n<\/strong>war HOG-Vorsitzende von 2001-2017.<\/p>\n<p><strong>Erich Str\u00f6bel<\/strong><\/p>\n<p><strong>Otto Str\u00f6bl<\/strong><br \/>\n(* 1923 Gro\u00df-Scham; \u2020 4.01.2003 in Vierkirchen)<br \/>\nEin Mundartgedicht &#8211; ein Gru\u00df an das Heimatdorf<br \/>\n&#8230; <a href=\"http:\/\/clandata.sytes.net\/wordpress\/gruss-an-gross-scham\/\" target=\"_blank\" rel=\"noopener noreferrer\">mehr<\/a><\/p>\n<\/div>\n","protected":false},"excerpt":{"rendered":"<p>Auf dieser Seite wird eine Liste von Menschen aus Gro\u00df-Scham erstellt, die sich in besonderem Ma\u00dfe um die Belange der Gemeinde und ihrer Bewohner verdient gemacht haben. Selbstverst\u00e4ndlich auch jene, die \u00fcber die Dorfgrenzen hinaus bekannt sind. Des Weiteren auch solche Leute, die weniger ber\u00fchmt sind, aber durch etwas Besonderes auffielen. Andreas Altenbach (* 25.01.1845 &hellip; <a href=\"https:\/\/clandata.sytes.net\/wordpress\/andreas-dittrich\/\" class=\"more-link\"><span class=\"screen-reader-text\">&#8222;Personen&#8220; <\/span>weiterlesen<\/a><\/p>\n","protected":false},"author":1,"featured_media":0,"parent":0,"menu_order":0,"comment_status":"closed","ping_status":"closed","template":"","meta":{"_cbd_carousel_blocks":"[]","ngg_post_thumbnail":0,"footnotes":""},"class_list":["post-627","page","type-page","status-publish","hentry"],"_links":{"self":[{"href":"https:\/\/clandata.sytes.net\/wordpress\/wp-json\/wp\/v2\/pages\/627","targetHints":{"allow":["GET"]}}],"collection":[{"href":"https:\/\/clandata.sytes.net\/wordpress\/wp-json\/wp\/v2\/pages"}],"about":[{"href":"https:\/\/clandata.sytes.net\/wordpress\/wp-json\/wp\/v2\/types\/page"}],"author":[{"embeddable":true,"href":"https:\/\/clandata.sytes.net\/wordpress\/wp-json\/wp\/v2\/users\/1"}],"replies":[{"embeddable":true,"href":"https:\/\/clandata.sytes.net\/wordpress\/wp-json\/wp\/v2\/comments?post=627"}],"version-history":[{"count":39,"href":"https:\/\/clandata.sytes.net\/wordpress\/wp-json\/wp\/v2\/pages\/627\/revisions"}],"predecessor-version":[{"id":1974,"href":"https:\/\/clandata.sytes.net\/wordpress\/wp-json\/wp\/v2\/pages\/627\/revisions\/1974"}],"wp:attachment":[{"href":"https:\/\/clandata.sytes.net\/wordpress\/wp-json\/wp\/v2\/media?parent=627"}],"curies":[{"name":"wp","href":"https:\/\/api.w.org\/{rel}","templated":true}]}}