{"id":229,"date":"2017-07-04T19:26:19","date_gmt":"2017-07-04T17:26:19","guid":{"rendered":"http:\/\/clandata.sytes.net\/wordpress\/?page_id=229"},"modified":"2023-10-17T17:51:26","modified_gmt":"2023-10-17T15:51:26","slug":"hog-chronik","status":"publish","type":"page","link":"https:\/\/clandata.sytes.net\/wordpress\/hog-chronik\/","title":{"rendered":"Die Heimatortsgemeinschaften"},"content":{"rendered":"<p>Im Mai 1962 wurde die Heimatortsgemeinschaft (HOG) Gro\u00df-Scham in Kirchheim\/Teck gegr\u00fcndet.&nbsp;Zu den Gr\u00fcndungsmitglieder z\u00e4hlen Nikolaus M\u00fcller, Conrad Pickert und Leni Bergunde, geb. Koreck. Der erste Vorsitzende der HOG Gro\u00df-Scham war Nikolaus M\u00fcller. Es folgten Gottfried Braun, Dietmar M\u00fcller, Ottmar Fickinger, Ewald Rohr, Maria Schmidt (Kropatschek) und zurzeit Erich M\u00fcller.<\/p>\n<h5>Heimattreffen<\/h5>\n<p>Am 5. Mai 1962 fand das <a href=\"http:\/\/clandata.sytes.net\/wordpress\/das-erste-treffen-der-hog\/\" target=\"_blank\" rel=\"noopener noreferrer\">erste Heimattreffen<\/a> in Kirchheim\/ Teck statt.<\/p>\n<p>Die weiteren Treffen waren<br \/>1964, <a href=\"http:\/\/clandata.sytes.net\/wordpress\/frage-zu-bildern\/\">1966 <\/a>ebenfalls in&nbsp;Kirchheim\/Teck,<br \/>1969, 1972 in G\u00f6ppingen-Jebenhausen,<br \/>1974 in Mondsee (\u00d6sterreich),<br \/>1976, 1979 in G\u00f6ppingen-Jebenhausen,<br \/>1981 bis 1985 in Eislingen\/Fils,<br \/>1987 in Kirchheim\/Teck Jubil\u00e4umsfeier 200-j\u00e4hrige Besiedlung von Freudenthal,<br \/>1989 bis 1999 in Eislingen\/Fils, <br \/>2001 bis 2016 in <a href=\"http:\/\/www.turnerheim-faurndau.de\/\" target=\"_blank\" rel=\"noopener noreferrer\">G\u00f6ppingen-Faurndau<\/a>.<br \/>2019, 2022 und 2023&nbsp; in <a href=\"http:\/\/www.partyservice-loesch.de\/\" target=\"_blank\" rel=\"noopener noreferrer\">M\u00fcnchen<\/a>; 2021&nbsp; entfiel wegen Corona.\n<\/p>\n<h5>Vorstand HOG Gro\u00df-Scham<\/h5>\n<p>Vorsitzender: <a href=\"mailto:erichmueller-darmstadt@t-online.de\">Erich M\u00fcller<\/a>, Darmstadt (Tel.: 06151-943313)<br \/> \nStellvertretender Vorsitzender und Kassenwart: <a href=\"mailto:erich@dornstauder.de\">Erich Dornstauder,<\/a> M\u00fcnchen<br \/> \nSchriftf\u00fchrerin: <a href=\"mailto:rosemarie_mayer@web.de\">Rosemarie Mayer<\/a>, Dachau<br \/>\nBeisitzer: <a href=\"mailto:niculescu69@t-online.de\"><span lang=\"de-DE\">Dieter Niculescu<\/span><\/a>, Altdorf<br \/> \nKassenpr\u00fcfer: <a href=\"mailto:e.stroebl@gmx.de\">Erich Str\u00f6bl<\/a>, Obertshausen<br \/> \nBeisitzerin: <a href=\"mailto:dagmar.oesterreicher@gmx.de\">Dagmar \u00d6sterreicher<\/a>, Karlsruhe<br \/>\nBeisitzerin: <a href=\"mailto:hanni.loesch@outlook.de\">Hannelore L\u00f6sch<\/a>, M\u00fcnchen (Tel: 089-3161639)<br \/>\nBeisitzerin: <a href=\"mailto:Karin@kk67.de\">Karin K\u00e4mpfer&nbsp;<\/a><br \/>\nBeisitzer: Mainhard Schmidt, Reutlingen (Tel.: 07121-139263)<\/p>\n<p><H5>HOG Morawitza<\/h5>\n<p>Vorsitzender: G\u00fcnter Schick<\/p>\n<p><H5>HOG Perkos<\/H5><\/p>\n<p>Vorsitzende: Melitta Kr\u00e4mer<\/p>\n<p><H5>Impressionen aus vergangenen Treffen<\/h5>\n<p><a href=\"http:\/\/clandata.sytes.net\/wordpress\/hog-treffen-2017\/\"><small>Bilder zum Pfingsttreffen 2017<\/small><\/a><\/p>\n<p><a href=\"http:\/\/clandata.sytes.net\/wordpress\/hog-treffen-2019\/\"><small>Bilder zum Pfingsttreffen 2019<\/small><\/a><\/p>\n\n\n<p><\/p>\n","protected":false},"excerpt":{"rendered":"<p>Im Mai 1962 wurde die Heimatortsgemeinschaft (HOG) Gro\u00df-Scham in Kirchheim\/Teck gegr\u00fcndet.&nbsp;Zu den Gr\u00fcndungsmitglieder z\u00e4hlen Nikolaus M\u00fcller, Conrad Pickert und Leni Bergunde, geb. Koreck. Der erste Vorsitzende der HOG Gro\u00df-Scham war Nikolaus M\u00fcller. Es folgten Gottfried Braun, Dietmar M\u00fcller, Ottmar Fickinger, Ewald Rohr, Maria Schmidt (Kropatschek) und zurzeit Erich M\u00fcller. Heimattreffen Am 5. Mai 1962 fand &hellip; <a href=\"https:\/\/clandata.sytes.net\/wordpress\/hog-chronik\/\" class=\"more-link\"><span class=\"screen-reader-text\">&#8222;Die Heimatortsgemeinschaften&#8220; <\/span>weiterlesen<\/a><\/p>\n","protected":false},"author":1,"featured_media":0,"parent":0,"menu_order":0,"comment_status":"closed","ping_status":"closed","template":"","meta":{"_cbd_carousel_blocks":"[]","ngg_post_thumbnail":0,"footnotes":""},"class_list":["post-229","page","type-page","status-publish","hentry"],"_links":{"self":[{"href":"https:\/\/clandata.sytes.net\/wordpress\/wp-json\/wp\/v2\/pages\/229","targetHints":{"allow":["GET"]}}],"collection":[{"href":"https:\/\/clandata.sytes.net\/wordpress\/wp-json\/wp\/v2\/pages"}],"about":[{"href":"https:\/\/clandata.sytes.net\/wordpress\/wp-json\/wp\/v2\/types\/page"}],"author":[{"embeddable":true,"href":"https:\/\/clandata.sytes.net\/wordpress\/wp-json\/wp\/v2\/users\/1"}],"replies":[{"embeddable":true,"href":"https:\/\/clandata.sytes.net\/wordpress\/wp-json\/wp\/v2\/comments?post=229"}],"version-history":[{"count":118,"href":"https:\/\/clandata.sytes.net\/wordpress\/wp-json\/wp\/v2\/pages\/229\/revisions"}],"predecessor-version":[{"id":2366,"href":"https:\/\/clandata.sytes.net\/wordpress\/wp-json\/wp\/v2\/pages\/229\/revisions\/2366"}],"wp:attachment":[{"href":"https:\/\/clandata.sytes.net\/wordpress\/wp-json\/wp\/v2\/media?parent=229"}],"curies":[{"name":"wp","href":"https:\/\/api.w.org\/{rel}","templated":true}]}}