{"id":215,"date":"2017-07-04T18:52:19","date_gmt":"2017-07-04T16:52:19","guid":{"rendered":"http:\/\/clandata.sytes.net\/wordpress\/?page_id=215"},"modified":"2017-08-20T14:25:15","modified_gmt":"2017-08-20T12:25:15","slug":"leseecke","status":"publish","type":"page","link":"https:\/\/clandata.sytes.net\/wordpress\/leseecke\/","title":{"rendered":"Kultur und Tradition"},"content":{"rendered":"<p><strong>Auf dieser Seite listen wir Ver\u00f6ffentlichungen von Banater oder \u00fcber das Banat. Die Liste wird stetig erweitert ohne Anspruch auf Vollst\u00e4ndigkeit.<\/strong><\/p>\n<p><a href=\"http:\/\/clandata.sytes.net\/wordpress\/wp-content\/uploads\/2017\/07\/Matz_schnall_de_Rieme_zam.pdf\">Matz schnall de Rieme zam<br \/>\n<\/a>Jakob K\u00e4mpfer, Arader Zeitung (Hrg.), 1928<br \/>\nDas Buch &#8222;Matz schnall de Rieme zam oder allerhand luschtichi Gschichte&#8220;<strong>&nbsp;<\/strong>wurde im Jahr 1928 bei der Arader Zeitung von &#8222;Kruwlichs Jakob&#8220; ver\u00f6ffentlicht.<\/p>\n<p><a href=\"http:\/\/clandata.sytes.net\/wordpress\/wp-content\/uploads\/2017\/07\/Gross-Scham.pdf\">Gross-Scham<br \/>\n<\/a>Felix Millecker,&nbsp;<br \/>\nAbschrift mit \u00dcbersetzung &nbsp;(Deutsch-Englisch) der&nbsp;1909 in Werschetz von&nbsp; Felix Millecker verfassten Festschrift zum Anlass der 100-Jahr-Feier seit der Umsiedlung der Gro\u00df-Schamer aus Freudenthal 1809.<\/p>\n<p class=\"booktitle\"><span class=\"fn\"><span dir=\"ltr\"><a href=\"http:\/\/clandata.sytes.net\/wordpress\/wp-content\/uploads\/2017\/07\/PUB_83_Steiner__R_ckkehr_unerw_nscht.pdf\" target=\"_blank\" rel=\"noopener\">R\u00fcckkehr unerw\u00fcnscht:&nbsp;<span class=\"subtitle\">Deportationen in der Habsburgermonarchie der Fr\u00fchen Neuzeit und ihr europ\u00e4ischer Kontext<\/span><\/a><br \/>\nStephan Steiner,&nbsp;<span dir=\"ltr\">B\u00f6hlau Verlag, Wien, 2014<br \/>\n<\/span><\/span><\/span>&#8222;R\u00fcckkehr unerw\u00fcnscht&#8220; ist die erste systematische Studie zum Themenkomplex &#8222;Deportation&#8220; in der Habsburgermonarchie. Die Geschichte der verschiedensten Zwangsma\u00dfnahmen, die sich vor allen Dingen gegen Protestanten, Deviante und Modernisierungsverweigerer richteten, wird detailliert beschrieben und in einen europ\u00e4ischen Kontext eingebettet.<\/p>\n<p>&nbsp;<\/p>\n<p>&nbsp;<\/p>\n","protected":false},"excerpt":{"rendered":"<p>Auf dieser Seite listen wir Ver\u00f6ffentlichungen von Banater oder \u00fcber das Banat. Die Liste wird stetig erweitert ohne Anspruch auf Vollst\u00e4ndigkeit. Matz schnall de Rieme zam Jakob K\u00e4mpfer, Arader Zeitung (Hrg.), 1928 Das Buch &#8222;Matz schnall de Rieme zam oder allerhand luschtichi Gschichte&#8220;&nbsp;wurde im Jahr 1928 bei der Arader Zeitung von &#8222;Kruwlichs Jakob&#8220; ver\u00f6ffentlicht. Gross-Scham &hellip; <a href=\"https:\/\/clandata.sytes.net\/wordpress\/leseecke\/\" class=\"more-link\"><span class=\"screen-reader-text\">&#8222;Kultur und Tradition&#8220; <\/span>weiterlesen<\/a><\/p>\n","protected":false},"author":1,"featured_media":0,"parent":0,"menu_order":0,"comment_status":"closed","ping_status":"closed","template":"","meta":{"_cbd_carousel_blocks":"[]","ngg_post_thumbnail":0,"footnotes":""},"class_list":["post-215","page","type-page","status-publish","hentry"],"_links":{"self":[{"href":"https:\/\/clandata.sytes.net\/wordpress\/wp-json\/wp\/v2\/pages\/215","targetHints":{"allow":["GET"]}}],"collection":[{"href":"https:\/\/clandata.sytes.net\/wordpress\/wp-json\/wp\/v2\/pages"}],"about":[{"href":"https:\/\/clandata.sytes.net\/wordpress\/wp-json\/wp\/v2\/types\/page"}],"author":[{"embeddable":true,"href":"https:\/\/clandata.sytes.net\/wordpress\/wp-json\/wp\/v2\/users\/1"}],"replies":[{"embeddable":true,"href":"https:\/\/clandata.sytes.net\/wordpress\/wp-json\/wp\/v2\/comments?post=215"}],"version-history":[{"count":8,"href":"https:\/\/clandata.sytes.net\/wordpress\/wp-json\/wp\/v2\/pages\/215\/revisions"}],"predecessor-version":[{"id":1639,"href":"https:\/\/clandata.sytes.net\/wordpress\/wp-json\/wp\/v2\/pages\/215\/revisions\/1639"}],"wp:attachment":[{"href":"https:\/\/clandata.sytes.net\/wordpress\/wp-json\/wp\/v2\/media?parent=215"}],"curies":[{"name":"wp","href":"https:\/\/api.w.org\/{rel}","templated":true}]}}