{"id":207,"date":"2017-07-04T18:50:32","date_gmt":"2017-07-04T16:50:32","guid":{"rendered":"http:\/\/clandata.sytes.net\/wordpress\/?page_id=207"},"modified":"2018-08-03T18:55:54","modified_gmt":"2018-08-03T16:55:54","slug":"impressum","status":"publish","type":"page","link":"https:\/\/clandata.sytes.net\/wordpress\/impressum\/","title":{"rendered":"Impressum"},"content":{"rendered":"<p>Anbieter:<\/p>\n<p>HOG Gro\u00df-Scham<br \/>\nc\/o Erich M\u00fcller<br \/>\nTh\u00fcringerstra\u00dfe 26<br \/>\n64297 Darmstadt<\/p>\n<p>E-Mail: <a href=\"mailto:erichmueller-darmstadt@t-online.de\">erichmueller-darmstadt@t-online.de<\/a><\/p>\n","protected":false},"excerpt":{"rendered":"<p>Anbieter: HOG Gro\u00df-Scham c\/o Erich M\u00fcller Th\u00fcringerstra\u00dfe 26 64297 Darmstadt E-Mail: erichmueller-darmstadt@t-online.de<\/p>\n","protected":false},"author":1,"featured_media":0,"parent":0,"menu_order":0,"comment_status":"closed","ping_status":"closed","template":"","meta":{"_cbd_carousel_blocks":"[]","ngg_post_thumbnail":0,"footnotes":""},"class_list":["post-207","page","type-page","status-publish","hentry"],"_links":{"self":[{"href":"https:\/\/clandata.sytes.net\/wordpress\/wp-json\/wp\/v2\/pages\/207","targetHints":{"allow":["GET"]}}],"collection":[{"href":"https:\/\/clandata.sytes.net\/wordpress\/wp-json\/wp\/v2\/pages"}],"about":[{"href":"https:\/\/clandata.sytes.net\/wordpress\/wp-json\/wp\/v2\/types\/page"}],"author":[{"embeddable":true,"href":"https:\/\/clandata.sytes.net\/wordpress\/wp-json\/wp\/v2\/users\/1"}],"replies":[{"embeddable":true,"href":"https:\/\/clandata.sytes.net\/wordpress\/wp-json\/wp\/v2\/comments?post=207"}],"version-history":[{"count":4,"href":"https:\/\/clandata.sytes.net\/wordpress\/wp-json\/wp\/v2\/pages\/207\/revisions"}],"predecessor-version":[{"id":1866,"href":"https:\/\/clandata.sytes.net\/wordpress\/wp-json\/wp\/v2\/pages\/207\/revisions\/1866"}],"wp:attachment":[{"href":"https:\/\/clandata.sytes.net\/wordpress\/wp-json\/wp\/v2\/media?parent=207"}],"curies":[{"name":"wp","href":"https:\/\/api.w.org\/{rel}","templated":true}]}}