{"id":2017,"date":"2021-04-30T16:35:54","date_gmt":"2021-04-30T14:35:54","guid":{"rendered":"http:\/\/clandata.sytes.net\/wordpress\/?page_id=2017"},"modified":"2025-05-09T12:56:01","modified_gmt":"2025-05-09T10:56:01","slug":"genealogie","status":"publish","type":"page","link":"https:\/\/clandata.sytes.net\/wordpress\/genealogie\/","title":{"rendered":"Genealogie"},"content":{"rendered":"<h5>Ahnenforschung<\/h5>\n<p>Die Gro\u00df-Schamer, wie anderen Banater Landsleute, haben sich \u00fcber Generationen hinweg durch Binnenwanderung, Aussiedlung, Krieg und Kriegsfolgen \u00fcber Kontinente hinweg verteilt. Manch einer fragt sich aber: Woher stamme ich und wer ist ebenfalls Teil meiner Sippe?<\/p>\n<p>Durch die Registrierung der Einwanderer ins Banat anhand von Kirchenb\u00fccher, Ortsmonografien, Passagierlisten usw. konnten viele Gro\u00df-Schamer und Landsleute aus dem gesamten Banat in einer genealogischen Datenbank erfasst werden. Wenn auch ihr, liebe Landleute, Fragen zu euren Vorfahren habt, wir helfen gerne weiter.<br \/>\nFolgend ein gelungenes Beispiel eines Familienstammbaums, der auf Basis unserer Datenbank entstanden ist: Die <a href=\"http:\/\/clandata.sytes.net\/wordpress\/wp-content\/uploads\/2017\/08\/IMG-20160711-WA0013.jpg\">Ahnentafeln <\/a>des Herrn Kn\u00f6bl &#8211; Goldschmied in N\u00fcrnberg -, und ein <a href=\"http:\/\/clandata.sytes.net\/wordpress\/ahnen\/\">Schreiben<\/a>, dass f\u00fcr die Arbeit mit Datenbanken pl\u00e4diert.<\/p>\n<p>PDF Handling<\/p>\n<p>Das Handling einer 700 und mehr Seiten langen PDF Datei ist f\u00fcr den Anwender ohne Zweifel eine Herausforderung.<\/p>\n<p>Aus diesem Grunde haben wir Sprungmarken eingebaut.<br \/>\nSie k\u00f6nnen aus dem Inhaltsverzeichnis in jedes x-beliebige Kapitel springen. Je nach Dateigr\u00f6\u00dfe und Rechner kann der Sprung etwas dauern.<br \/>\nZur\u00fcck ins Inhaltsverzeichnis geht es \u00fcber den Text aus der Kopf- bzw. Fu\u00dfzeile.<br \/>\nAlles andere bitte \u00fcber die Suchfunktion (bei WINDOWS Strg\/Ctrl + f \u2013 Taste) ansteuern. Die Suchfunktion hilft insbesondere im Familienteil bei der Suche nach Indizes.<br \/>\nGesetztes Ziel ist es auch die Indizes mit Sprungmarken zu versehen. Bis es soweit ist, bitten wir Sie dieses etwas umst\u00e4ndliche Verfahren zu befolgen.<br \/>\nDie Einstellung der Seitengr\u00f6\u00dfe auf 100%, noch besser auf 75%, hat sich bew\u00e4hrt.<\/p>\n<p>PDF-Dateien &#8211; Banatika und Familienb\u00fccher (<a href=\"mailto:gen.clandata@gmail.com\"> Ansprechpartner<\/a>):<\/p>\n<p><a href=\"http:\/\/clandata.sytes.net\/fl\/downloads.php?file_id=358\">Denta-Topolea<\/a> (7406407 B <font color='red'>Stand 03.04.2024<\/font>)<br \/>\n<!-- a href=\"http:\/\/clandata.sytes.net\/fl\/downloads.php?file_id=279\">Deschan<\/a> (9877 KB) (21. Januar 2023)  --><br \/>\n<a href=\"http:\/\/clandata.sytes.net\/fl\/downloads.php?file_id=371\">Elsass Lothringen<\/a> (12737508B <font color='red'>Stand: 30.09.2024<\/font>)<br \/>\n<a href=\"http:\/\/clandata.sytes.net\/fl\/downloads.php?file_id=60\">Ferendia Gherman Latzunasch<\/a> (1661 KB) (unvollst\u00e4ndig\/incomplete)<br \/>\n<a href=\"http:\/\/clandata.sytes.net\/fl\/downloads.php?file_id=69\">100 Jahre Gro\u00df-Scham<\/a>&nbsp; (3748 KB) Felix Milecker Festschrift zur 100 Jahrfeier&nbsp; der Umsiedlung von Freudenthal nach Gro\u00df-Scham.(bilingual German\/English)<br \/>\n<a href=\"http:\/\/clandata.sytes.net\/fl\/downloads.php?file_id=55\">Gro\u00df-Scham<\/a> (4722 KB)<br \/>\n<a href=\"http:\/\/clandata.sytes.net\/fl\/downloads.php?file_id=56\">Gro\u00df-Scham A-H<\/a> (8381 KB)<br \/>\n<a href=\"http:\/\/clandata.sytes.net\/fl\/downloads.php?file_id=57\">Gro\u00df-Scham I-O<\/a> (7725 KB)<br \/>\n<a href=\"http:\/\/clandata.sytes.net\/fl\/downloads.php?file_id=58\">Gro\u00df-Scham P-Z<\/a> (9652 KB)<br \/>\n<a href=\"http:\/\/clandata.sytes.net\/fl\/downloads.php?file_id=290\">Gro\u00df-Scham<\/a> (31 MB 14.03.2023)<br \/>\n<a href=\"http:\/\/clandata.sytes.net\/fl\/downloads.php?file_id=357\">Kleinomor<\/a> (2886853 B <font color ='red'>15.02.2024<\/font>)<br \/>\n<a href=\"http:\/\/clandata.sytes.net\/fl\/downloads.php?file_id=377\">Klopodia und Ferendin<\/a> (8583766 B <font color ='#00FF00'>10.01.2025<\/font>)<br \/>\n<a href=\"https:\/\/books.google.de\/books?id=vNZXAAAAcAAJ&amp;hl=de\">Geschichte der Gro\u00dfgemeinde Kudritz <\/a>(Google books, Felix Milleker, 1888)<br \/>\n<a href=\"http:\/\/clandata.sytes.net\/fl\/downloads.php?file_id=344\">Kudritz Teil 1<\/a> (2414322B <font color='red'>Stand: 26.02.2024<\/font>)<br \/>\n<a href=\"http:\/\/clandata.sytes.net\/fl\/downloads.php?file_id=343\">Kudritz Teil 2<\/a> (7723826B <font color='red'>Stand: 26.02.2024<\/font>)<br \/>\n<!-- a href=\"http:\/\/clandata.sytes.net\/fl\/downloads.php?file_id=62\">Kudritz A-L<\/a> (7276 KB) --><br \/>\n<!-- a href=\"http:\/\/clandata.sytes.net\/fl\/downloads.php?file_id=63\">Kudritz M-Z<\/a> (7081 KB) --><br \/>\n<a href=\"http:\/\/clandata.sytes.net\/fl\/downloads.php?file_id=372\">Luxembourg ins Banat_<\/a> (8376032B <font color='red'>Stand: 23.12.2024<\/font>)<br \/>\n<a href=\"http:\/\/clandata.sytes.net\/fl\/downloads.php?file_id=350\">Liebling<\/a> (8248485 B 5. Dezember 2022)<br \/>\n<a href=\"http:\/\/clandata.sytes.net\/fl\/downloads.php?file_id=392\"> Morawitza Teil 1<\/a> (3094843 B <font color='00FF00'> 24.04.2025 <\/font>)<br \/>\n<a href=\"http:\/\/clandata.sytes.net\/fl\/downloads.php?file_id=393\"> Morawitza Teil 2<\/a> (25042849 B <font color='00FF00'> 24.04.2025 <\/font>)<br \/>\n<a href=\"http:\/\/clandata.sytes.net\/fl\/downloads.php?file_id=379\">Perkos &#8211; Butin 1<\/a> (6082046 B Stand <font color='00FF00'>31.01.2025<\/font>)<br \/>\n<a href=\"http:\/\/clandata.sytes.net\/fl\/downloads.php?file_id=380\">Perkos &#8211; Butin 2<\/a> (13967388 B Stand <font color='00FF00'>31.01.2025<\/font>)<br \/>\n<a href=\"http:\/\/clandata.sytes.net\/fl\/downloads.php?file_id=348\">Gro\u00df-Sredischte<\/a> (2752760 B 23.05.2021)<br \/>\n<a href=\"http:\/\/clandata.sytes.net\/fl\/downloads.php?file_id=381\">Vattina<\/a> (3910096 B Stand <font color='00FF00'>3.03.2025<\/font>)<\/p>\n<p>Weitere sind in Vorbereitung.<\/p>\n<p><b>Helga Ritter aus Buchen im Odenwald hat ihr Projekt &#8222;Schubladkasten&#8220;, ver\u00f6ffentlicht in der Dezemberausgabe der Banater Post, mit den dazugeh\u00f6rigen Dateien des Projektes zur Verf\u00fcgung gestellt<\/b><\/p>\n<p><a href=\"http:\/\/clandata.sytes.net\/fl\/downloads.php?file_id=131\">BP Artikel<\/a> (6484 KB)<br \/>\n<a href=\"http:\/\/clandata.sytes.net\/fl\/downloads.php?file_id=132\">PDF1<\/a> (4509 KB)<br \/>\n<a href=\"http:\/\/clandata.sytes.net\/fl\/downloads.php?file_id=133\">PDF2<\/a> (4887 KB)<\/p>\n<p>Gottfried Braun (1920-2010) hat unsere Muttersprache in 140 Schreibmaschinenseiten festgehalten<br \/>\n<a href=\"http:\/\/clandata.sytes.net\/fl\/downloads.php?file_id=136\">Unser Sprooch<\/a> (14812 KB)<br \/>\nGottfried Reidler hat in den Archivalien gest\u00f6bert und etwas zu den Umst\u00e4nden der Ansiedlung gefunden<br \/>\n<a href=\"http:\/\/clandata.sytes.net\/fl\/downloads.php?file_id=272\">Ausz\u00fcge aus Banater Ansiedlerakten<\/a> (1453520 B)<br \/>\nLebenserwartung und Durchschnittsalter \u2013 Versuch einer R\u00fcckschau<br \/>\n<a href=\"http:\/\/clandata.sytes.net\/fl\/downloads.php?file_id=277\">Altersdurchschnitt<\/a> (733581 B)<br \/>\nPeter Mischung, Erinnerungen, Erstver\u00f6ffentlichung in der Banater Post, 2017<br \/>\n<a href=\"http:\/\/clandata.sytes.net\/fl\/downloads.php?file_id=311\">Peteronkels Erinnerungen<\/a> (234666 B)<\/p>\n<p>So hat der Breddermatz einige Geschichten rund um den Gro\u00dfschamer Ulaker \u00fcberliefert<br \/>\n<a href=\"http:\/\/clandata.sytes.net\/fl\/downloads.php?file_id=342\">Grosschomer Ulaker<\/a> (61408 B)<br \/>\n<a href=\"http:\/\/clandata.sytes.net\/fl\/downloads.php?file_id=341\">Ulacker Gschichte<\/a> (76874 B)<br \/>\n<a href=\"http:\/\/clandata.sytes.net\/fl\/downloads.php?file_id=336\">Wie die Gro\u00dfschomer getoft sin gin<\/a> (40778 B)<br \/>\n<a href=\"http:\/\/clandata.sytes.net\/fl\/downloads.php?file_id=353\">Anwerbungsschreiben<\/a> (2858294 B)<\/p>\n<p><a href=\"http:\/\/clandata.sytes.net\/fl\/downloads.php?file_id=386\">Gedicht<\/a> (624557 B)<\/p>\n","protected":false},"excerpt":{"rendered":"<p>Ahnenforschung Die Gro\u00df-Schamer, wie anderen Banater Landsleute, haben sich \u00fcber Generationen hinweg durch Binnenwanderung, Aussiedlung, Krieg und Kriegsfolgen \u00fcber Kontinente hinweg verteilt. Manch einer fragt sich aber: Woher stamme ich und wer ist ebenfalls Teil meiner Sippe? Durch die Registrierung der Einwanderer ins Banat anhand von Kirchenb\u00fccher, Ortsmonografien, Passagierlisten usw. konnten viele Gro\u00df-Schamer und Landsleute &hellip; <a href=\"https:\/\/clandata.sytes.net\/wordpress\/genealogie\/\" class=\"more-link\"><span class=\"screen-reader-text\">&#8222;Genealogie&#8220; <\/span>weiterlesen<\/a><\/p>\n","protected":false},"author":1,"featured_media":0,"parent":0,"menu_order":0,"comment_status":"closed","ping_status":"closed","template":"","meta":{"_cbd_carousel_blocks":"[]","ngg_post_thumbnail":0,"footnotes":""},"class_list":["post-2017","page","type-page","status-publish","hentry"],"_links":{"self":[{"href":"https:\/\/clandata.sytes.net\/wordpress\/wp-json\/wp\/v2\/pages\/2017","targetHints":{"allow":["GET"]}}],"collection":[{"href":"https:\/\/clandata.sytes.net\/wordpress\/wp-json\/wp\/v2\/pages"}],"about":[{"href":"https:\/\/clandata.sytes.net\/wordpress\/wp-json\/wp\/v2\/types\/page"}],"author":[{"embeddable":true,"href":"https:\/\/clandata.sytes.net\/wordpress\/wp-json\/wp\/v2\/users\/1"}],"replies":[{"embeddable":true,"href":"https:\/\/clandata.sytes.net\/wordpress\/wp-json\/wp\/v2\/comments?post=2017"}],"version-history":[{"count":183,"href":"https:\/\/clandata.sytes.net\/wordpress\/wp-json\/wp\/v2\/pages\/2017\/revisions"}],"predecessor-version":[{"id":2485,"href":"https:\/\/clandata.sytes.net\/wordpress\/wp-json\/wp\/v2\/pages\/2017\/revisions\/2485"}],"wp:attachment":[{"href":"https:\/\/clandata.sytes.net\/wordpress\/wp-json\/wp\/v2\/media?parent=2017"}],"curies":[{"name":"wp","href":"https:\/\/api.w.org\/{rel}","templated":true}]}}