{"id":2,"date":"2017-06-29T21:15:07","date_gmt":"2017-06-29T19:15:07","guid":{"rendered":"http:\/\/clandata.sytes.net\/wordpress\/?page_id=2"},"modified":"2025-11-20T12:41:19","modified_gmt":"2025-11-20T11:41:19","slug":"beispiel-seite","status":"publish","type":"page","link":"https:\/\/clandata.sytes.net\/wordpress\/","title":{"rendered":"Wir"},"content":{"rendered":"<h1><strong>Die Heimatortsgemeinschaften Perkos, Morawitz und Klopodia m\u00f6chten mit uns Gro\u00df-Schamer gemeinsam im Internet und bei Veranstaltungen auftreten. Das bishlang letzte Treffen fand am Samstag 11. Oktober 2025 in M\u00fcnchen statt.<\/strong><\/h1>\n<p>Wir haben beschlossen uns im Herbst 2027, in M\u00fcnchen bei einem Treffen unserer Heimatortsgemeinschaften, einzufinden. Voraussichtlich wird es der gleiche Ort und auch wieder erstes Wochenende im Oktober sein.<\/p>\n<p><small><em>Heute geh ich. Komm ich wieder,<\/em><br \/>\n<em>Singen wir ganz andre Lieder \u2026<\/em><br \/>\n<em>J. W. Goethe<\/em><\/small><\/p>\n<p>Wir freuen uns, dass Sie den Weg hierher gefunden haben.<\/p>\n<p>Auf diesen Internetseiten pr\u00e4sentieren wir, die Heimatortsgemeinschaft, das Dorf mit ein paar geschichtlichen und kulturellen Eckpunkten und weiterf\u00fchrender Literatur dazu. Einerseits um die Erinnerung an die alte Heimat wachzuhalten, andererseits um die Kultur und die Traditionen den nachkommenden Generationen zu vermitteln. Aus Gr\u00fcnder der demographischen Entwicklung sind die HOG Perkos, Morawitz und Klopodia ebenfalls hier vertreten.<br \/>\nMittlerweile sind die Gro\u00df-Schamer auf der ganzen Welt verstreut. Mit unseren Mitteilungen \u00fcber aktuelle Veranstaltungen oder Ereignisse &#8211; insbesondere im <a href=\"http:\/\/gross-scham.blogspot.de\/\" target=\"_blank\" rel=\"noopener noreferrer\">Blog<\/a>&nbsp;(rechte Spalte) &#8211; m\u00f6chten wir die &#8222;Dorfgemeinschaft&#8220; wieder zusammenr\u00fccken.<\/p>\n<p>Viel Spa\u00df beim St\u00f6bern und vergessen Sie nicht, wir sind f\u00fcr Anregungen und Beitr\u00e4ge dankbar. Treten Sie mit uns in <a href=\"mailto:erichmueller-darmstadt@t-online.de\" target=\"_blank\" rel=\"noopener noreferrer\">Kontakt<\/a>.<\/p>\n<p>Ihre<br \/>\nHOG Gro\u00df-Scham, Perkos, Morawitz, Klopodia<br \/>\n<code>[whohit]wir[\/whohit]<\/code><\/p>\n","protected":false},"excerpt":{"rendered":"<p>Die Heimatortsgemeinschaften Perkos, Morawitz und Klopodia m\u00f6chten mit uns Gro\u00df-Schamer gemeinsam im Internet und bei Veranstaltungen auftreten. Das bishlang letzte Treffen fand am Samstag 11. Oktober 2025 in M\u00fcnchen statt. Wir haben beschlossen uns im Herbst 2027, in M\u00fcnchen bei einem Treffen unserer Heimatortsgemeinschaften, einzufinden. Voraussichtlich wird es der gleiche Ort und auch wieder erstes &hellip; <a href=\"https:\/\/clandata.sytes.net\/wordpress\/\" class=\"more-link\"><span class=\"screen-reader-text\">&#8222;Wir&#8220; <\/span>weiterlesen<\/a><\/p>\n","protected":false},"author":1,"featured_media":0,"parent":0,"menu_order":0,"comment_status":"closed","ping_status":"open","template":"","meta":{"_cbd_carousel_blocks":"[]","ngg_post_thumbnail":0,"footnotes":""},"class_list":["post-2","page","type-page","status-publish","hentry"],"_links":{"self":[{"href":"https:\/\/clandata.sytes.net\/wordpress\/wp-json\/wp\/v2\/pages\/2","targetHints":{"allow":["GET"]}}],"collection":[{"href":"https:\/\/clandata.sytes.net\/wordpress\/wp-json\/wp\/v2\/pages"}],"about":[{"href":"https:\/\/clandata.sytes.net\/wordpress\/wp-json\/wp\/v2\/types\/page"}],"author":[{"embeddable":true,"href":"https:\/\/clandata.sytes.net\/wordpress\/wp-json\/wp\/v2\/users\/1"}],"replies":[{"embeddable":true,"href":"https:\/\/clandata.sytes.net\/wordpress\/wp-json\/wp\/v2\/comments?post=2"}],"version-history":[{"count":43,"href":"https:\/\/clandata.sytes.net\/wordpress\/wp-json\/wp\/v2\/pages\/2\/revisions"}],"predecessor-version":[{"id":2492,"href":"https:\/\/clandata.sytes.net\/wordpress\/wp-json\/wp\/v2\/pages\/2\/revisions\/2492"}],"wp:attachment":[{"href":"https:\/\/clandata.sytes.net\/wordpress\/wp-json\/wp\/v2\/media?parent=2"}],"curies":[{"name":"wp","href":"https:\/\/api.w.org\/{rel}","templated":true}]}}