{"id":1968,"date":"2020-05-30T14:05:48","date_gmt":"2020-05-30T12:05:48","guid":{"rendered":"http:\/\/clandata.sytes.net\/wordpress\/?page_id=1968"},"modified":"2020-05-30T14:05:48","modified_gmt":"2020-05-30T12:05:48","slug":"gruss-an-gross-scham","status":"publish","type":"page","link":"http:\/\/clandata.sytes.net\/wordpress\/gruss-an-gross-scham\/","title":{"rendered":"Gru\u00df an Gro\u00df-Scham"},"content":{"rendered":"\n<p>Mei Gro\u00df\u2013Scham du, sei mir gegrie\u00dft! <br>Wu immer noch die Sch\u00e4mitz flie\u00dft. <br>Wu sich de Geiseberch erhebt, <br>de Kerchturm stolz zum Himmel strebt, <br>Du Heimatdorf warscht mei drham, <br>vrlorenes Glick, du mei Gro\u00df\u2013Scham. <\/p>\n\n\n\n<p> Wu alli H\u00e4iser gro\u00df un klaan, <br>mit Gewl odr Infuhr dran, <br>in sauwri Gasse weit un braad, <br>frisch gwei\u00dflt gstann, <br>im scheenschte Klaad.<br>Do hat mei Schicksal mr gsucht raus, <br>mei unvergesslich Eldrehaus. <\/p>\n\n\n\n<p> Wu ich mit Freid erwart schun war, <br>vum allerliebschte Eldrephaar. <br>Des glicklich ihre klaane Schwob, <br>zum erschte Bu\u00dfl an sich ghob. <br>Mei Eldre un mei Moddrsprooch, <br>die hall ich drum in Ehre hoch.<\/p>\n\n\n\n<p>Wu uns dr Glocke fromm Gel\u00e4it, <br>dorch unser Lewe hat begleit. <br>Sie han de Himmel runnerghol, <br>uns in dr Kerch so wunervoll. <br>Schun lang vrstummt is unsr Gsang, <br>de Gotteslob un Orgelklang. <\/p>\n\n\n\n<p> Wu mr sich freindlich hat gegrie\u00dft, <br>sich immer was zu san hat gwi\u00dft. <br>Wu`s Majegehn noch war in Mod`, <br>die Gaschtlichkeit noch a Gebot. <br>Do hat noch Freindschaft was bedeit, <br>de Zsammehalt, in Lad un Freid. <\/p>\n\n\n\n<p> Wu Blume gstann in schenschtr Pracht, <br>mit ihrem Duft uns Freid gemacht. <br>Zsalaat un Gmies, de Garte voll, <br>han die Pardeis vum Stock uns ghol, <br>vum Baam des reifi Obscht ganz sii\u00df, <br>hat gschmeckt uns wie vum Paradies. <\/p>\n\n\n\n<p> Wu alli \u00c4ckr wohlbestellt, <br>die Frucht gstann goldichgeel im Feld. <br>Sie hat vrlangt a hoche Preis, <br>viel harti Arweit, Baureflei\u00df.<br>Lang hat`s gedauert bis de Sack, <br>mit Mehl war gfillt un Brot geback. <\/p>\n\n\n\n<p> Wu Weing\u00e4rtr viel Mieh gekoscht, <br>bis rausgloff aus dr Pre\u00df de Moscht. <br>De Rambasch hat geg\u00e4rt im Fa\u00df <br>un fertich war des edli Na\u00df.<br>Noh erscht reife mu\u00df de Wein, <br>bis er zum Trinke mundich fein. <\/p>\n\n\n\n<p> Wu hat mr noch was scheenres gsiehn, <br>wann vun dr Waad die Ro\u00df zruck sin? <br>Un wann die Pollerpeitsch geknallt, <br>die Kieh ach zruck sin vun dr Halt? <br>Mit Freid han zugschaut ich als Kind, <br>dem Bild, wu heind mr nimmi find. <\/p>\n\n\n\n<p> A letschtesmol du mei Gro\u00df-Scham, <br>zu grie\u00dfe ich dich net vrsaam. <br>Hell strahlscht du mir vrkl\u00e4rt im Licht <br>Du meiner Heimat schenschtes Gsicht! <br>Du aanscht mei Glick, mei Lewestram, <br>behiet dich Gott, du mei Gro\u00df-Scham.<\/p>\n","protected":false},"excerpt":{"rendered":"<p>Mei Gro\u00df\u2013Scham du, sei mir gegrie\u00dft! Wu immer noch die Sch\u00e4mitz flie\u00dft. Wu sich de Geiseberch erhebt, de Kerchturm stolz zum Himmel strebt, Du Heimatdorf warscht mei drham, vrlorenes Glick, du mei Gro\u00df\u2013Scham. Wu alli H\u00e4iser gro\u00df un klaan, mit Gewl odr Infuhr dran, in sauwri Gasse weit un braad, frisch gwei\u00dflt gstann, im scheenschte &hellip; <a href=\"http:\/\/clandata.sytes.net\/wordpress\/gruss-an-gross-scham\/\" class=\"more-link\"><span class=\"screen-reader-text\">&#8222;Gru\u00df an Gro\u00df-Scham&#8220; <\/span>weiterlesen<\/a><\/p>\n","protected":false},"author":1,"featured_media":0,"parent":0,"menu_order":0,"comment_status":"closed","ping_status":"closed","template":"","meta":{"_cbd_carousel_blocks":"[]","ngg_post_thumbnail":0,"footnotes":""},"class_list":["post-1968","page","type-page","status-publish","hentry"],"_links":{"self":[{"href":"http:\/\/clandata.sytes.net\/wordpress\/wp-json\/wp\/v2\/pages\/1968","targetHints":{"allow":["GET"]}}],"collection":[{"href":"http:\/\/clandata.sytes.net\/wordpress\/wp-json\/wp\/v2\/pages"}],"about":[{"href":"http:\/\/clandata.sytes.net\/wordpress\/wp-json\/wp\/v2\/types\/page"}],"author":[{"embeddable":true,"href":"http:\/\/clandata.sytes.net\/wordpress\/wp-json\/wp\/v2\/users\/1"}],"replies":[{"embeddable":true,"href":"http:\/\/clandata.sytes.net\/wordpress\/wp-json\/wp\/v2\/comments?post=1968"}],"version-history":[{"count":1,"href":"http:\/\/clandata.sytes.net\/wordpress\/wp-json\/wp\/v2\/pages\/1968\/revisions"}],"predecessor-version":[{"id":1971,"href":"http:\/\/clandata.sytes.net\/wordpress\/wp-json\/wp\/v2\/pages\/1968\/revisions\/1971"}],"wp:attachment":[{"href":"http:\/\/clandata.sytes.net\/wordpress\/wp-json\/wp\/v2\/media?parent=1968"}],"curies":[{"name":"wp","href":"https:\/\/api.w.org\/{rel}","templated":true}]}}