{"id":1913,"date":"2019-06-24T14:02:59","date_gmt":"2019-06-24T12:02:59","guid":{"rendered":"http:\/\/clandata.sytes.net\/wordpress\/?page_id=1913"},"modified":"2019-06-24T19:14:40","modified_gmt":"2019-06-24T17:14:40","slug":"hog-treffen-2019","status":"publish","type":"page","link":"http:\/\/clandata.sytes.net\/wordpress\/hog-treffen-2019\/","title":{"rendered":"Gro\u00dfschamer und Perkoser Treffen 2019 in M\u00fcnchen"},"content":{"rendered":"\n<p><\/p>\n\n\n\n<p>Zu Pfingsten 2019 fand das Gro\u00dfschamer und Perkoser Heimattreffen statt, dieses Jahr zum allerersten Mal in M\u00fcnchen. Da zwischen Perkosern und Gro\u00dfschamern doch recht enge Familienbande bestehen und wir unsere Landsleute nicht vor die Wahl stellen m\u00f6chten, sich f\u00fcr eines der Heimattreffen zu entscheiden, feiern wir diesen Tag inzwischen gemeinsam.<\/p>\n\n\n\n<figure class=\"wp-block-image\"><img loading=\"lazy\" decoding=\"async\" width=\"1024\" height=\"683\" src=\"http:\/\/clandata.sytes.net\/wordpress\/wp-content\/uploads\/2019\/06\/Gruppe_2019_2-1024x683.jpg\" alt=\"\" class=\"wp-image-1932\" srcset=\"http:\/\/clandata.sytes.net\/wordpress\/wp-content\/uploads\/2019\/06\/Gruppe_2019_2-1024x683.jpg 1024w, http:\/\/clandata.sytes.net\/wordpress\/wp-content\/uploads\/2019\/06\/Gruppe_2019_2-300x200.jpg 300w, http:\/\/clandata.sytes.net\/wordpress\/wp-content\/uploads\/2019\/06\/Gruppe_2019_2-768x512.jpg 768w, http:\/\/clandata.sytes.net\/wordpress\/wp-content\/uploads\/2019\/06\/Gruppe_2019_2-1200x800.jpg 1200w, http:\/\/clandata.sytes.net\/wordpress\/wp-content\/uploads\/2019\/06\/Gruppe_2019_2.jpg 2048w\" sizes=\"auto, (max-width: 709px) 85vw, (max-width: 909px) 67vw, (max-width: 1362px) 62vw, 840px\" \/><\/figure>\n\n\n\n<p>Die Organisatoren waren sehr erfreut dar\u00fcber, dass so viele \u2013 insbesondere auch junge \u2013 Landsleute der Einladung gefolgt sind. <\/p>\n\n\n\n<figure class=\"wp-block-image\"><img loading=\"lazy\" decoding=\"async\" width=\"1024\" height=\"768\" src=\"http:\/\/clandata.sytes.net\/wordpress\/wp-content\/uploads\/2019\/06\/Perkoser_2019-1024x768.jpg\" alt=\"\" class=\"wp-image-1937\" srcset=\"http:\/\/clandata.sytes.net\/wordpress\/wp-content\/uploads\/2019\/06\/Perkoser_2019-1024x768.jpg 1024w, http:\/\/clandata.sytes.net\/wordpress\/wp-content\/uploads\/2019\/06\/Perkoser_2019-300x225.jpg 300w, http:\/\/clandata.sytes.net\/wordpress\/wp-content\/uploads\/2019\/06\/Perkoser_2019-768x576.jpg 768w, http:\/\/clandata.sytes.net\/wordpress\/wp-content\/uploads\/2019\/06\/Perkoser_2019-1200x900.jpg 1200w, http:\/\/clandata.sytes.net\/wordpress\/wp-content\/uploads\/2019\/06\/Perkoser_2019.jpg 1600w\" sizes=\"auto, (max-width: 709px) 85vw, (max-width: 909px) 67vw, (max-width: 1362px) 62vw, 840px\" \/><\/figure>\n\n\n\n<p>Insgesamt fanden sich im Vereinsheim des ESV M\u00fcnchen-Freimann \u00fcber 123 G\u00e4ste ein, eine \u00e4u\u00dferst positive Entwicklung im Vergleich zu den vergangenen Jahren, als die Teilnehmerzahlen doch eher r\u00fcckl\u00e4ufig waren.<\/p>\n\n\n\n<figure class=\"wp-block-image\"><img loading=\"lazy\" decoding=\"async\" width=\"1024\" height=\"683\" src=\"http:\/\/clandata.sytes.net\/wordpress\/wp-content\/uploads\/2019\/06\/Gruppenfoto_2019_3-1024x683.jpg\" alt=\"\" class=\"wp-image-1930\" srcset=\"http:\/\/clandata.sytes.net\/wordpress\/wp-content\/uploads\/2019\/06\/Gruppenfoto_2019_3-1024x683.jpg 1024w, http:\/\/clandata.sytes.net\/wordpress\/wp-content\/uploads\/2019\/06\/Gruppenfoto_2019_3-300x200.jpg 300w, http:\/\/clandata.sytes.net\/wordpress\/wp-content\/uploads\/2019\/06\/Gruppenfoto_2019_3-768x512.jpg 768w, http:\/\/clandata.sytes.net\/wordpress\/wp-content\/uploads\/2019\/06\/Gruppenfoto_2019_3-1200x800.jpg 1200w, http:\/\/clandata.sytes.net\/wordpress\/wp-content\/uploads\/2019\/06\/Gruppenfoto_2019_3.jpg 2048w\" sizes=\"auto, (max-width: 709px) 85vw, (max-width: 909px) 67vw, (max-width: 1362px) 62vw, 840px\" \/><\/figure>\n\n\n<p>Die ersten G\u00e4ste trudelten vor 10 Uhr ein, nach und nach f\u00fcllte sich der Saal. Freunde und alte Bekannte wurden begr\u00fc\u00dft, etliche hatten sich seit Jahren nicht mehr gesehen, es gab viel zu erz\u00e4hlen und Erinnerungen auszutauschen, entsprechend laut ging es zu. Immer wieder h\u00f6rte man Dialoge wie: \u201eKennscht mich noch?\u201c oder wahlweise \u201eNa, un wu gherscht du hin?\u201c (auf Hochdeutsch: zu welchem Familienzweig aus Gro\u00dfscham geh\u00f6rst du?).<\/p>\n<p>Um 15 Uhr schlie\u00dflich gab es dann den offiziellen und feierlichen Teil der Veranstaltung, in dem der Toten aus der alten Heimat gedacht wurde und anschlie\u00dfend der Vorstand \u00fcber seine T\u00e4tigkeiten berichtete. Erich M\u00fcller, HOG-Vorsitzender, berichtete \u00fcber die \u00c4nderungen, die sich durch die Einf\u00fchrung der Datenschutzgrundverordnung f\u00fcr die Mitglieder der Landsmannschaft der Banater Schwaben und insbesondere f\u00fcr die Mitteilungen in der Banater Post ergeben haben. Anschlie\u00dfend teilte er den Anwesenden mit, dass drei Mitglieder aus dem HOG-Vorstand ihr Amt niederlegen werden, namentlich G\u00fcnter Lenhardt, Johann Lenhardt und Ewald Rohr. Erich M\u00fcller dankte den HOG-Vorstandsmitgliedern f\u00fcr ihre jahrelange T\u00e4tigkeit im Dienste unserer Gemeinschaft. Um die HOG weiterhin handlungsf\u00e4hig zu halten, haben sich drei Landsleute bereit erkl\u00e4rt, die vakanten Positionen im Vorstand interimsm\u00e4\u00dfig einzunehmen. Bis zum Ende dieser Legislaturperiode werden im HOG-Vorstand die Aufgaben folgenderma\u00dfen verteilt: 1. Vorsitzender Erich M\u00fcller, stellv. Vorsitzender und Kassenwart Erich Dornstauder, Schriftf\u00fchrerin Rosemarie Mayer, Kassenpr\u00fcfer Erich Str\u00f6bel, Beisitzerin Dagmar \u00d6sterreicher, Beisitzer Dieter Niculescu.<\/p>\n<p>Anschlie\u00dfend ging es mit dem geselligen Teil der Veranstaltung weiter. Unser Landsmann Mainhard L\u00f6sch und seine Frau Irene haben mit ihrem Team f\u00fcr die gute Verpflegung gesorgt und ein wunderbares Buffet aufgebaut. Danach folgten &#8211; wie es sich f\u00fcr ordentliche Banater Schwaben geh\u00f6rt &#8211; Musik und Tanz bis in die sp\u00e4ten Abendstunden.<\/p>\n<p>Die Organisatoren bedanken sich bei allen, die diese Zusammenkunft m\u00f6glich gemacht haben und hoffen auf zahlreiches Erscheinen beim n\u00e4chsten Gro\u00dfschamer Heimattreffen.<\/p>\n<p>&nbsp;<\/p>\n<p>\u201eMir gsiehn uns Phingschte 2021!\u201c<\/p>\n<p>Rosemarie Mayer<\/p>","protected":false},"excerpt":{"rendered":"<p>Zu Pfingsten 2019 fand das Gro\u00dfschamer und Perkoser Heimattreffen statt, dieses Jahr zum allerersten Mal in M\u00fcnchen. Da zwischen Perkosern und Gro\u00dfschamern doch recht enge Familienbande bestehen und wir unsere Landsleute nicht vor die Wahl stellen m\u00f6chten, sich f\u00fcr eines der Heimattreffen zu entscheiden, feiern wir diesen Tag inzwischen gemeinsam. Die Organisatoren waren sehr erfreut &hellip; <a href=\"http:\/\/clandata.sytes.net\/wordpress\/hog-treffen-2019\/\" class=\"more-link\"><span class=\"screen-reader-text\">&#8222;Gro\u00dfschamer und Perkoser Treffen 2019 in M\u00fcnchen&#8220; <\/span>weiterlesen<\/a><\/p>\n","protected":false},"author":1,"featured_media":0,"parent":0,"menu_order":0,"comment_status":"closed","ping_status":"closed","template":"","meta":{"_cbd_carousel_blocks":"[]","ngg_post_thumbnail":0,"footnotes":""},"class_list":["post-1913","page","type-page","status-publish","hentry"],"_links":{"self":[{"href":"http:\/\/clandata.sytes.net\/wordpress\/wp-json\/wp\/v2\/pages\/1913","targetHints":{"allow":["GET"]}}],"collection":[{"href":"http:\/\/clandata.sytes.net\/wordpress\/wp-json\/wp\/v2\/pages"}],"about":[{"href":"http:\/\/clandata.sytes.net\/wordpress\/wp-json\/wp\/v2\/types\/page"}],"author":[{"embeddable":true,"href":"http:\/\/clandata.sytes.net\/wordpress\/wp-json\/wp\/v2\/users\/1"}],"replies":[{"embeddable":true,"href":"http:\/\/clandata.sytes.net\/wordpress\/wp-json\/wp\/v2\/comments?post=1913"}],"version-history":[{"count":9,"href":"http:\/\/clandata.sytes.net\/wordpress\/wp-json\/wp\/v2\/pages\/1913\/revisions"}],"predecessor-version":[{"id":1938,"href":"http:\/\/clandata.sytes.net\/wordpress\/wp-json\/wp\/v2\/pages\/1913\/revisions\/1938"}],"wp:attachment":[{"href":"http:\/\/clandata.sytes.net\/wordpress\/wp-json\/wp\/v2\/media?parent=1913"}],"curies":[{"name":"wp","href":"https:\/\/api.w.org\/{rel}","templated":true}]}}