{"id":1818,"date":"2017-11-09T08:58:03","date_gmt":"2017-11-09T07:58:03","guid":{"rendered":"http:\/\/clandata.sytes.net\/wordpress\/?page_id=1818"},"modified":"2017-11-09T10:18:34","modified_gmt":"2017-11-09T09:18:34","slug":"frage-zu-bildern","status":"publish","type":"page","link":"http:\/\/clandata.sytes.net\/wordpress\/frage-zu-bildern\/","title":{"rendered":"Frage zu Bildern"},"content":{"rendered":"<p>Bilder mit Personen die benannt werden k\u00f6nnten<\/p>\n<figure id=\"attachment_1820\" aria-describedby=\"caption-attachment-1820\" style=\"width: 800px\" class=\"wp-caption alignnone\"><img loading=\"lazy\" decoding=\"async\" class=\"size-full wp-image-1820\" src=\"http:\/\/clandata.sytes.net\/wordpress\/wp-content\/uploads\/2017\/11\/Pickert_Frage.jpg\" alt=\"\" width=\"800\" height=\"574\" srcset=\"http:\/\/clandata.sytes.net\/wordpress\/wp-content\/uploads\/2017\/11\/Pickert_Frage.jpg 800w, http:\/\/clandata.sytes.net\/wordpress\/wp-content\/uploads\/2017\/11\/Pickert_Frage-300x215.jpg 300w, http:\/\/clandata.sytes.net\/wordpress\/wp-content\/uploads\/2017\/11\/Pickert_Frage-768x551.jpg 768w\" sizes=\"auto, (max-width: 800px) 85vw, 800px\" \/><figcaption id=\"caption-attachment-1820\" class=\"wp-caption-text\">Bild von ca 1966<\/figcaption><\/figure>\n<p>Erwin Pickert hat Fragen zu den dargestellten Personen. Bei dem Treffen der Gro\u00df-Schamer 1966 entstanden? Wer sachdienliche Hinweise geben k\u00f6nnte bitte melden.&nbsp;<\/p>\n","protected":false},"excerpt":{"rendered":"<p>Bilder mit Personen die benannt werden k\u00f6nnten Erwin Pickert hat Fragen zu den dargestellten Personen. Bei dem Treffen der Gro\u00df-Schamer 1966 entstanden? Wer sachdienliche Hinweise geben k\u00f6nnte bitte melden.&nbsp;<\/p>\n","protected":false},"author":1,"featured_media":0,"parent":0,"menu_order":0,"comment_status":"closed","ping_status":"closed","template":"","meta":{"_cbd_carousel_blocks":"[]","ngg_post_thumbnail":0,"footnotes":""},"class_list":["post-1818","page","type-page","status-publish","hentry"],"_links":{"self":[{"href":"http:\/\/clandata.sytes.net\/wordpress\/wp-json\/wp\/v2\/pages\/1818","targetHints":{"allow":["GET"]}}],"collection":[{"href":"http:\/\/clandata.sytes.net\/wordpress\/wp-json\/wp\/v2\/pages"}],"about":[{"href":"http:\/\/clandata.sytes.net\/wordpress\/wp-json\/wp\/v2\/types\/page"}],"author":[{"embeddable":true,"href":"http:\/\/clandata.sytes.net\/wordpress\/wp-json\/wp\/v2\/users\/1"}],"replies":[{"embeddable":true,"href":"http:\/\/clandata.sytes.net\/wordpress\/wp-json\/wp\/v2\/comments?post=1818"}],"version-history":[{"count":6,"href":"http:\/\/clandata.sytes.net\/wordpress\/wp-json\/wp\/v2\/pages\/1818\/revisions"}],"predecessor-version":[{"id":1826,"href":"http:\/\/clandata.sytes.net\/wordpress\/wp-json\/wp\/v2\/pages\/1818\/revisions\/1826"}],"wp:attachment":[{"href":"http:\/\/clandata.sytes.net\/wordpress\/wp-json\/wp\/v2\/media?parent=1818"}],"curies":[{"name":"wp","href":"https:\/\/api.w.org\/{rel}","templated":true}]}}