{"id":1752,"date":"2017-10-07T19:41:08","date_gmt":"2017-10-07T17:41:08","guid":{"rendered":"http:\/\/clandata.sytes.net\/wordpress\/?page_id=1752"},"modified":"2017-10-07T19:59:22","modified_gmt":"2017-10-07T17:59:22","slug":"ahnen","status":"publish","type":"page","link":"http:\/\/clandata.sytes.net\/wordpress\/ahnen\/","title":{"rendered":"Ahnenforschung"},"content":{"rendered":"<p>Hallo Erich,<\/p>\n<p>ich wollte Dir mal auf diesem Weg danke sagen. Nachdem ich von Edda \u00fcber clandata informiert wurde, ist meine Leidenschaft zur Ahnenforschung erweckt worden. Habe mich zwar auch schon fr\u00fcher mit dem Thema Ahnen besch\u00e4ftigt aber die &#8222;Lebensb\u00e4ume-B\u00fccher&#8220;, Die &#8222;Ahnen-B\u00fccher&#8220;, &#8222;Stammbaumb\u00fccher&#8220; und \u00e4hnliches waren f\u00fcr mich unbefriedigend. Zu kompliziert und kaum zu vervollst\u00e4ndigen. Fehlende \u00dcbersicht und kaum zu erkennende Zusammenh\u00e4nge.<\/p>\n<p>Durch clandata haben sich ganz andere Wege er\u00f6ffnet. Erstens sehr einfach zu erstellen, zu f\u00fchren und zu vervollst\u00e4ndigen. &nbsp;Zweitens perfekte \u00dcbersicht \u00fcber die Zusammenh\u00e4nge, Familiengrade usw. Dann nat\u00fcrlich noch die M\u00f6glichkeit diese &#8222;Ahnentafeln&#8220; auszudrucken und als Bild an der Wand zu sehen. Mehrere Stammb\u00e4ume, die durch die Vorfahren oder als Nachkommen, zu verschiedenen Tafeln f\u00fchren. Sehr interessant und ein wichtiges Familienst\u00fcck. Sogar das Interesse meines Sohnes, zur Familie, wurde durch diese erweckt. Erfahrungsgem\u00e4\u00df ist es ja die \u00e4ltere Generation die sich mehr Gedanken zur Familie macht.<\/p>\n<p>Ja, also ich glaube unser aller Dank, lieber Erich, geb\u00fchrt Dir. Du hast mit diesem &#8222;clandata&#8220; sehr viel bewirkt. Hast unsere Ahnen von den Toten erweckt, durch uns und durch unsere Erinnerungen werden sie unsterblich.<\/p>\n<p>Ich w\u00fcnsche Dir auf diesem Weg weiteres frohes Schaffen und viel Erfolg bei der weiter Entwicklung und Vervollst\u00e4ndigung dieser tollen Idee.<\/p>\n<p>Mit freundlichen Gr\u00fc\u00dfen, Dein Freund Emanuel Kn\u00f6bl.<\/p>\n<p><img loading=\"lazy\" decoding=\"async\" class=\"alignnone size-large wp-image-1727\" src=\"http:\/\/clandata.sytes.net\/wordpress\/wp-content\/uploads\/2017\/10\/IMG-20170930-WA0007-e1507281152155-1024x576.jpg\" alt=\"\" width=\"840\" height=\"473\" srcset=\"http:\/\/clandata.sytes.net\/wordpress\/wp-content\/uploads\/2017\/10\/IMG-20170930-WA0007-e1507281152155-1024x576.jpg 1024w, http:\/\/clandata.sytes.net\/wordpress\/wp-content\/uploads\/2017\/10\/IMG-20170930-WA0007-e1507281152155-300x169.jpg 300w, http:\/\/clandata.sytes.net\/wordpress\/wp-content\/uploads\/2017\/10\/IMG-20170930-WA0007-e1507281152155-768x432.jpg 768w, http:\/\/clandata.sytes.net\/wordpress\/wp-content\/uploads\/2017\/10\/IMG-20170930-WA0007-e1507281152155-1200x675.jpg 1200w, http:\/\/clandata.sytes.net\/wordpress\/wp-content\/uploads\/2017\/10\/IMG-20170930-WA0007-e1507281152155.jpg 1280w\" sizes=\"auto, (max-width: 709px) 85vw, (max-width: 909px) 67vw, (max-width: 1362px) 62vw, 840px\" \/><\/p>\n<figure id=\"attachment_1728\" aria-describedby=\"caption-attachment-1728\" style=\"width: 840px\" class=\"wp-caption alignnone\"><img loading=\"lazy\" decoding=\"async\" class=\"wp-image-1728 size-large\" src=\"http:\/\/clandata.sytes.net\/wordpress\/wp-content\/uploads\/2017\/10\/IMG-20170930-WA0008-e1507281238638-1024x576.jpg\" alt=\"\" width=\"840\" height=\"473\" srcset=\"http:\/\/clandata.sytes.net\/wordpress\/wp-content\/uploads\/2017\/10\/IMG-20170930-WA0008-e1507281238638-1024x576.jpg 1024w, http:\/\/clandata.sytes.net\/wordpress\/wp-content\/uploads\/2017\/10\/IMG-20170930-WA0008-e1507281238638-300x169.jpg 300w, http:\/\/clandata.sytes.net\/wordpress\/wp-content\/uploads\/2017\/10\/IMG-20170930-WA0008-e1507281238638-768x432.jpg 768w, http:\/\/clandata.sytes.net\/wordpress\/wp-content\/uploads\/2017\/10\/IMG-20170930-WA0008-e1507281238638-1200x675.jpg 1200w, http:\/\/clandata.sytes.net\/wordpress\/wp-content\/uploads\/2017\/10\/IMG-20170930-WA0008-e1507281238638.jpg 1280w\" sizes=\"auto, (max-width: 709px) 85vw, (max-width: 909px) 67vw, (max-width: 1362px) 62vw, 840px\" \/><figcaption id=\"caption-attachment-1728\" class=\"wp-caption-text\">Handschriftliche \u00dcberlieferung<\/figcaption><\/figure>\n","protected":false},"excerpt":{"rendered":"<p>Hallo Erich, ich wollte Dir mal auf diesem Weg danke sagen. Nachdem ich von Edda \u00fcber clandata informiert wurde, ist meine Leidenschaft zur Ahnenforschung erweckt worden. Habe mich zwar auch schon fr\u00fcher mit dem Thema Ahnen besch\u00e4ftigt aber die &#8222;Lebensb\u00e4ume-B\u00fccher&#8220;, Die &#8222;Ahnen-B\u00fccher&#8220;, &#8222;Stammbaumb\u00fccher&#8220; und \u00e4hnliches waren f\u00fcr mich unbefriedigend. Zu kompliziert und kaum zu vervollst\u00e4ndigen. &hellip; <a href=\"http:\/\/clandata.sytes.net\/wordpress\/ahnen\/\" class=\"more-link\"><span class=\"screen-reader-text\">&#8222;Ahnenforschung&#8220; <\/span>weiterlesen<\/a><\/p>\n","protected":false},"author":3,"featured_media":0,"parent":0,"menu_order":0,"comment_status":"closed","ping_status":"closed","template":"","meta":{"_cbd_carousel_blocks":"[]","ngg_post_thumbnail":0,"footnotes":""},"class_list":["post-1752","page","type-page","status-publish","hentry"],"_links":{"self":[{"href":"http:\/\/clandata.sytes.net\/wordpress\/wp-json\/wp\/v2\/pages\/1752","targetHints":{"allow":["GET"]}}],"collection":[{"href":"http:\/\/clandata.sytes.net\/wordpress\/wp-json\/wp\/v2\/pages"}],"about":[{"href":"http:\/\/clandata.sytes.net\/wordpress\/wp-json\/wp\/v2\/types\/page"}],"author":[{"embeddable":true,"href":"http:\/\/clandata.sytes.net\/wordpress\/wp-json\/wp\/v2\/users\/3"}],"replies":[{"embeddable":true,"href":"http:\/\/clandata.sytes.net\/wordpress\/wp-json\/wp\/v2\/comments?post=1752"}],"version-history":[{"count":2,"href":"http:\/\/clandata.sytes.net\/wordpress\/wp-json\/wp\/v2\/pages\/1752\/revisions"}],"predecessor-version":[{"id":1757,"href":"http:\/\/clandata.sytes.net\/wordpress\/wp-json\/wp\/v2\/pages\/1752\/revisions\/1757"}],"wp:attachment":[{"href":"http:\/\/clandata.sytes.net\/wordpress\/wp-json\/wp\/v2\/media?parent=1752"}],"curies":[{"name":"wp","href":"https:\/\/api.w.org\/{rel}","templated":true}]}}