{"id":1547,"date":"2017-08-12T09:46:29","date_gmt":"2017-08-12T07:46:29","guid":{"rendered":"http:\/\/clandata.sytes.net\/wordpress\/?page_id=1547"},"modified":"2017-10-07T17:44:38","modified_gmt":"2017-10-07T15:44:38","slug":"hog-treffen-2017","status":"publish","type":"page","link":"http:\/\/clandata.sytes.net\/wordpress\/hog-treffen-2017\/","title":{"rendered":"HOG-Treffen 2017"},"content":{"rendered":"<table>\n<tbody>\n<tr>\n<td style=\"vertical-align: top;\"><img loading=\"lazy\" decoding=\"async\" class=\"alignnone wp-image-1539\" src=\"http:\/\/clandata.sytes.net\/wordpress\/wp-content\/uploads\/2017\/08\/2017_1-300x200.jpg\" alt=\"\" width=\"250\" height=\"167\" srcset=\"http:\/\/clandata.sytes.net\/wordpress\/wp-content\/uploads\/2017\/08\/2017_1-300x200.jpg 300w, http:\/\/clandata.sytes.net\/wordpress\/wp-content\/uploads\/2017\/08\/2017_1-768x512.jpg 768w, http:\/\/clandata.sytes.net\/wordpress\/wp-content\/uploads\/2017\/08\/2017_1.jpg 1000w\" sizes=\"auto, (max-width: 250px) 85vw, 250px\" \/><\/td>\n<td style=\"vertical-align: top;\"><img loading=\"lazy\" decoding=\"async\" class=\"wp-image-1540 aligncenter\" src=\"http:\/\/clandata.sytes.net\/wordpress\/wp-content\/uploads\/2017\/08\/2017_2.jpg\" alt=\"\" width=\"250\" height=\"167\" srcset=\"http:\/\/clandata.sytes.net\/wordpress\/wp-content\/uploads\/2017\/08\/2017_2.jpg 1000w, http:\/\/clandata.sytes.net\/wordpress\/wp-content\/uploads\/2017\/08\/2017_2-300x200.jpg 300w, http:\/\/clandata.sytes.net\/wordpress\/wp-content\/uploads\/2017\/08\/2017_2-768x512.jpg 768w\" sizes=\"auto, (max-width: 250px) 85vw, 250px\" \/><\/td>\n<td style=\"vertical-align: top;\"><img loading=\"lazy\" decoding=\"async\" class=\"alignnone wp-image-1542\" src=\"http:\/\/clandata.sytes.net\/wordpress\/wp-content\/uploads\/2017\/08\/2017_4-300x200.jpg\" alt=\"\" width=\"250\" height=\"167\" srcset=\"http:\/\/clandata.sytes.net\/wordpress\/wp-content\/uploads\/2017\/08\/2017_4-300x200.jpg 300w, http:\/\/clandata.sytes.net\/wordpress\/wp-content\/uploads\/2017\/08\/2017_4-768x512.jpg 768w, http:\/\/clandata.sytes.net\/wordpress\/wp-content\/uploads\/2017\/08\/2017_4.jpg 1000w\" sizes=\"auto, (max-width: 250px) 85vw, 250px\" \/><\/td>\n<\/tr>\n<tr>\n<td style=\"vertical-align: top;\"><img loading=\"lazy\" decoding=\"async\" class=\"alignnone wp-image-1543\" src=\"http:\/\/clandata.sytes.net\/wordpress\/wp-content\/uploads\/2017\/08\/2017_5-300x200.jpg\" alt=\"\" width=\"250\" height=\"167\" srcset=\"http:\/\/clandata.sytes.net\/wordpress\/wp-content\/uploads\/2017\/08\/2017_5-300x200.jpg 300w, http:\/\/clandata.sytes.net\/wordpress\/wp-content\/uploads\/2017\/08\/2017_5-768x512.jpg 768w, http:\/\/clandata.sytes.net\/wordpress\/wp-content\/uploads\/2017\/08\/2017_5.jpg 1000w\" sizes=\"auto, (max-width: 250px) 85vw, 250px\" \/><\/td>\n<td style=\"vertical-align: top;\"><img loading=\"lazy\" decoding=\"async\" class=\"wp-image-1541 aligncenter\" src=\"http:\/\/clandata.sytes.net\/wordpress\/wp-content\/uploads\/2017\/08\/2017_3-300x200.jpg\" alt=\"\" width=\"250\" height=\"167\" srcset=\"http:\/\/clandata.sytes.net\/wordpress\/wp-content\/uploads\/2017\/08\/2017_3-300x200.jpg 300w, http:\/\/clandata.sytes.net\/wordpress\/wp-content\/uploads\/2017\/08\/2017_3-768x512.jpg 768w, http:\/\/clandata.sytes.net\/wordpress\/wp-content\/uploads\/2017\/08\/2017_3.jpg 1000w\" sizes=\"auto, (max-width: 250px) 85vw, 250px\" \/><\/td>\n<td style=\"vertical-align: top;\"><img loading=\"lazy\" decoding=\"async\" class=\"alignnone wp-image-1544\" src=\"http:\/\/clandata.sytes.net\/wordpress\/wp-content\/uploads\/2017\/08\/2017_6-300x200.jpg\" alt=\"\" width=\"250\" height=\"167\" srcset=\"http:\/\/clandata.sytes.net\/wordpress\/wp-content\/uploads\/2017\/08\/2017_6-300x200.jpg 300w, http:\/\/clandata.sytes.net\/wordpress\/wp-content\/uploads\/2017\/08\/2017_6-768x512.jpg 768w, http:\/\/clandata.sytes.net\/wordpress\/wp-content\/uploads\/2017\/08\/2017_6.jpg 1000w\" sizes=\"auto, (max-width: 250px) 85vw, 250px\" \/><\/td>\n<\/tr>\n<tr>\n<td>\n<figure id=\"attachment_1545\" aria-describedby=\"caption-attachment-1545\" style=\"width: 250px\" class=\"wp-caption alignnone\"><img loading=\"lazy\" decoding=\"async\" class=\"wp-image-1545\" src=\"http:\/\/clandata.sytes.net\/wordpress\/wp-content\/uploads\/2017\/08\/2017_7-300x200.jpg\" alt=\"\" width=\"250\" height=\"167\" srcset=\"http:\/\/clandata.sytes.net\/wordpress\/wp-content\/uploads\/2017\/08\/2017_7-300x200.jpg 300w, http:\/\/clandata.sytes.net\/wordpress\/wp-content\/uploads\/2017\/08\/2017_7-768x512.jpg 768w, http:\/\/clandata.sytes.net\/wordpress\/wp-content\/uploads\/2017\/08\/2017_7.jpg 1000w\" sizes=\"auto, (max-width: 250px) 85vw, 250px\" \/><figcaption id=\"caption-attachment-1545\" class=\"wp-caption-text\">Gruppe aus Perkos<\/figcaption><\/figure><\/td>\n<td style=\"vertical-align: top;\"><small>Die dargestellten Fotos wurden von Familie M\u00fcller gemacht. Des Weiteren gibt es viele Portr\u00e4tfotos oder Fotos von Einzelpersonen und Paare, die separat abgerufen werden k\u00f6nnen. Bitte meldet euch bei Erich M\u00fcller, Tel.: 06151-943313.<\/small><\/td>\n<td>\n<figure id=\"attachment_1546\" aria-describedby=\"caption-attachment-1546\" style=\"width: 250px\" class=\"wp-caption alignnone\"><img loading=\"lazy\" decoding=\"async\" class=\"wp-image-1546\" src=\"http:\/\/clandata.sytes.net\/wordpress\/wp-content\/uploads\/2017\/08\/2017_8-300x215.jpg\" alt=\"\" width=\"250\" height=\"179\" srcset=\"http:\/\/clandata.sytes.net\/wordpress\/wp-content\/uploads\/2017\/08\/2017_8-300x215.jpg 300w, http:\/\/clandata.sytes.net\/wordpress\/wp-content\/uploads\/2017\/08\/2017_8-768x551.jpg 768w, http:\/\/clandata.sytes.net\/wordpress\/wp-content\/uploads\/2017\/08\/2017_8.jpg 1000w\" sizes=\"auto, (max-width: 250px) 85vw, 250px\" \/><figcaption id=\"caption-attachment-1546\" class=\"wp-caption-text\">Vorstand<\/figcaption><\/figure><\/td>\n<\/tr>\n<\/tbody>\n<\/table>\n","protected":false},"excerpt":{"rendered":"<p>Die dargestellten Fotos wurden von Familie M\u00fcller gemacht. Des Weiteren gibt es viele Portr\u00e4tfotos oder Fotos von Einzelpersonen und Paare, die separat abgerufen werden k\u00f6nnen. Bitte meldet euch bei Erich M\u00fcller, Tel.: 06151-943313.<\/p>\n","protected":false},"author":3,"featured_media":0,"parent":0,"menu_order":0,"comment_status":"closed","ping_status":"closed","template":"","meta":{"_cbd_carousel_blocks":"[]","ngg_post_thumbnail":0,"footnotes":""},"class_list":["post-1547","page","type-page","status-publish","hentry"],"_links":{"self":[{"href":"http:\/\/clandata.sytes.net\/wordpress\/wp-json\/wp\/v2\/pages\/1547","targetHints":{"allow":["GET"]}}],"collection":[{"href":"http:\/\/clandata.sytes.net\/wordpress\/wp-json\/wp\/v2\/pages"}],"about":[{"href":"http:\/\/clandata.sytes.net\/wordpress\/wp-json\/wp\/v2\/types\/page"}],"author":[{"embeddable":true,"href":"http:\/\/clandata.sytes.net\/wordpress\/wp-json\/wp\/v2\/users\/3"}],"replies":[{"embeddable":true,"href":"http:\/\/clandata.sytes.net\/wordpress\/wp-json\/wp\/v2\/comments?post=1547"}],"version-history":[{"count":8,"href":"http:\/\/clandata.sytes.net\/wordpress\/wp-json\/wp\/v2\/pages\/1547\/revisions"}],"predecessor-version":[{"id":1738,"href":"http:\/\/clandata.sytes.net\/wordpress\/wp-json\/wp\/v2\/pages\/1547\/revisions\/1738"}],"wp:attachment":[{"href":"http:\/\/clandata.sytes.net\/wordpress\/wp-json\/wp\/v2\/media?parent=1547"}],"curies":[{"name":"wp","href":"https:\/\/api.w.org\/{rel}","templated":true}]}}