{"id":1386,"date":"2017-08-04T15:40:21","date_gmt":"2017-08-04T13:40:21","guid":{"rendered":"http:\/\/clandata.sytes.net\/wordpress\/?page_id=1386"},"modified":"2017-10-06T10:55:11","modified_gmt":"2017-10-06T08:55:11","slug":"schulklassen","status":"publish","type":"page","link":"http:\/\/clandata.sytes.net\/wordpress\/schulklassen\/","title":{"rendered":"Schulklassen"},"content":{"rendered":"<p>Jahrgang 1946-49<\/p>\n<p><img loading=\"lazy\" decoding=\"async\" class=\"alignnone wp-image-1354 size-full\" src=\"http:\/\/clandata.sytes.net\/wordpress\/wp-content\/uploads\/2017\/07\/Schulbild.jpg\" alt=\"Schulbild 1957\" width=\"1200\" height=\"767\" srcset=\"http:\/\/clandata.sytes.net\/wordpress\/wp-content\/uploads\/2017\/07\/Schulbild.jpg 1200w, http:\/\/clandata.sytes.net\/wordpress\/wp-content\/uploads\/2017\/07\/Schulbild-300x192.jpg 300w, http:\/\/clandata.sytes.net\/wordpress\/wp-content\/uploads\/2017\/07\/Schulbild-768x491.jpg 768w, http:\/\/clandata.sytes.net\/wordpress\/wp-content\/uploads\/2017\/07\/Schulbild-1024x655.jpg 1024w\" sizes=\"auto, (max-width: 709px) 85vw, (max-width: 909px) 67vw, (max-width: 1362px) 62vw, 840px\" \/><\/p>\n<p>1. Reihe: Stefan L\u00f6sch, Anton Braun, Helmut Szabo, Bela Rieger, Friedrich Bayerle, Walter Moos<br \/>\n2. Reihe: Magdalena Geisel, Alfred M\u00fcller, Elisabeth Lagor, Walter M\u00fcller, Eva Schiwanowitsch, Lehrerin Magdalena Issaffe, Maria Schmidt, Dieter Braun, Anna Christmann, Mathias Hoff, Anna Kirch<br \/>\n3. Reihe: Erwin Weinrauch, Erwin L\u00f6sch<br \/>\n4. Reihe: Maria Utz, Katharina Farkas, Anna Fistea, Marliese Ackermann, Helga Scheidnas, Anna L\u00f6sch, Katharina Barbeck, Katharina Feistel, Maria Hoff<\/p>\n<p><img loading=\"lazy\" decoding=\"async\" class=\"alignnone wp-image-1458 size-full\" src=\"http:\/\/clandata.sytes.net\/wordpress\/wp-content\/uploads\/2017\/08\/1958_Schulklasse-Gro\u00df-Scham.jpg\" alt=\"\" width=\"2014\" height=\"1393\" srcset=\"http:\/\/clandata.sytes.net\/wordpress\/wp-content\/uploads\/2017\/08\/1958_Schulklasse-Gro\u00df-Scham.jpg 2014w, http:\/\/clandata.sytes.net\/wordpress\/wp-content\/uploads\/2017\/08\/1958_Schulklasse-Gro\u00df-Scham-300x207.jpg 300w, http:\/\/clandata.sytes.net\/wordpress\/wp-content\/uploads\/2017\/08\/1958_Schulklasse-Gro\u00df-Scham-768x531.jpg 768w, http:\/\/clandata.sytes.net\/wordpress\/wp-content\/uploads\/2017\/08\/1958_Schulklasse-Gro\u00df-Scham-1024x708.jpg 1024w, http:\/\/clandata.sytes.net\/wordpress\/wp-content\/uploads\/2017\/08\/1958_Schulklasse-Gro\u00df-Scham-1200x830.jpg 1200w\" sizes=\"auto, (max-width: 709px) 85vw, (max-width: 909px) 67vw, (max-width: 1362px) 62vw, 840px\" \/><\/p>\n<p><img loading=\"lazy\" decoding=\"async\" class=\"alignnone wp-image-1460 size-full\" src=\"http:\/\/clandata.sytes.net\/wordpress\/wp-content\/uploads\/2017\/08\/1965-Schulklasse-Gro\u00df-Scham-Jg-1950.jpg\" alt=\"\" width=\"1856\" height=\"1389\" srcset=\"http:\/\/clandata.sytes.net\/wordpress\/wp-content\/uploads\/2017\/08\/1965-Schulklasse-Gro\u00df-Scham-Jg-1950.jpg 1856w, http:\/\/clandata.sytes.net\/wordpress\/wp-content\/uploads\/2017\/08\/1965-Schulklasse-Gro\u00df-Scham-Jg-1950-300x225.jpg 300w, http:\/\/clandata.sytes.net\/wordpress\/wp-content\/uploads\/2017\/08\/1965-Schulklasse-Gro\u00df-Scham-Jg-1950-768x575.jpg 768w, http:\/\/clandata.sytes.net\/wordpress\/wp-content\/uploads\/2017\/08\/1965-Schulklasse-Gro\u00df-Scham-Jg-1950-1024x766.jpg 1024w, http:\/\/clandata.sytes.net\/wordpress\/wp-content\/uploads\/2017\/08\/1965-Schulklasse-Gro\u00df-Scham-Jg-1950-1200x898.jpg 1200w\" sizes=\"auto, (max-width: 709px) 85vw, (max-width: 909px) 67vw, (max-width: 1362px) 62vw, 840px\" \/><\/p>\n<p><img loading=\"lazy\" decoding=\"async\" class=\"alignnone wp-image-1463 size-full\" src=\"http:\/\/clandata.sytes.net\/wordpress\/wp-content\/uploads\/2017\/08\/1955-Gro\u00df-Scham-Kindergarten-JG-48-bis-51.jpg\" alt=\"\" width=\"1430\" height=\"1038\" srcset=\"http:\/\/clandata.sytes.net\/wordpress\/wp-content\/uploads\/2017\/08\/1955-Gro\u00df-Scham-Kindergarten-JG-48-bis-51.jpg 1430w, http:\/\/clandata.sytes.net\/wordpress\/wp-content\/uploads\/2017\/08\/1955-Gro\u00df-Scham-Kindergarten-JG-48-bis-51-300x218.jpg 300w, http:\/\/clandata.sytes.net\/wordpress\/wp-content\/uploads\/2017\/08\/1955-Gro\u00df-Scham-Kindergarten-JG-48-bis-51-768x557.jpg 768w, http:\/\/clandata.sytes.net\/wordpress\/wp-content\/uploads\/2017\/08\/1955-Gro\u00df-Scham-Kindergarten-JG-48-bis-51-1024x743.jpg 1024w, http:\/\/clandata.sytes.net\/wordpress\/wp-content\/uploads\/2017\/08\/1955-Gro\u00df-Scham-Kindergarten-JG-48-bis-51-1200x871.jpg 1200w\" sizes=\"auto, (max-width: 709px) 85vw, (max-width: 909px) 67vw, (max-width: 1362px) 62vw, 840px\" \/><\/p>\n<figure id=\"attachment_1725\" aria-describedby=\"caption-attachment-1725\" style=\"width: 840px\" class=\"wp-caption alignnone\"><img loading=\"lazy\" decoding=\"async\" class=\"wp-image-1725 size-large\" src=\"http:\/\/clandata.sytes.net\/wordpress\/wp-content\/uploads\/2017\/09\/clasa-a-IV-a-1961-1024x647.jpg\" alt=\"\" width=\"840\" height=\"531\" srcset=\"http:\/\/clandata.sytes.net\/wordpress\/wp-content\/uploads\/2017\/09\/clasa-a-IV-a-1961-1024x647.jpg 1024w, http:\/\/clandata.sytes.net\/wordpress\/wp-content\/uploads\/2017\/09\/clasa-a-IV-a-1961-300x190.jpg 300w, http:\/\/clandata.sytes.net\/wordpress\/wp-content\/uploads\/2017\/09\/clasa-a-IV-a-1961-768x485.jpg 768w, http:\/\/clandata.sytes.net\/wordpress\/wp-content\/uploads\/2017\/09\/clasa-a-IV-a-1961-1200x758.jpg 1200w, http:\/\/clandata.sytes.net\/wordpress\/wp-content\/uploads\/2017\/09\/clasa-a-IV-a-1961.jpg 1559w\" sizes=\"auto, (max-width: 709px) 85vw, (max-width: 909px) 67vw, (max-width: 1362px) 62vw, 840px\" \/><figcaption id=\"caption-attachment-1725\" class=\"wp-caption-text\">Links Magdalena Issaffe und rechts Brigitte Finkler (vierte Klasse 1961)<\/figcaption><\/figure>\n","protected":false},"excerpt":{"rendered":"<p>Jahrgang 1946-49 1. Reihe: Stefan L\u00f6sch, Anton Braun, Helmut Szabo, Bela Rieger, Friedrich Bayerle, Walter Moos 2. Reihe: Magdalena Geisel, Alfred M\u00fcller, Elisabeth Lagor, Walter M\u00fcller, Eva Schiwanowitsch, Lehrerin Magdalena Issaffe, Maria Schmidt, Dieter Braun, Anna Christmann, Mathias Hoff, Anna Kirch 3. Reihe: Erwin Weinrauch, Erwin L\u00f6sch 4. Reihe: Maria Utz, Katharina Farkas, Anna Fistea, &hellip; <a href=\"http:\/\/clandata.sytes.net\/wordpress\/schulklassen\/\" class=\"more-link\"><span class=\"screen-reader-text\">&#8222;Schulklassen&#8220; <\/span>weiterlesen<\/a><\/p>\n","protected":false},"author":1,"featured_media":0,"parent":0,"menu_order":0,"comment_status":"closed","ping_status":"closed","template":"","meta":{"_cbd_carousel_blocks":"[]","ngg_post_thumbnail":0,"footnotes":""},"class_list":["post-1386","page","type-page","status-publish","hentry"],"_links":{"self":[{"href":"http:\/\/clandata.sytes.net\/wordpress\/wp-json\/wp\/v2\/pages\/1386","targetHints":{"allow":["GET"]}}],"collection":[{"href":"http:\/\/clandata.sytes.net\/wordpress\/wp-json\/wp\/v2\/pages"}],"about":[{"href":"http:\/\/clandata.sytes.net\/wordpress\/wp-json\/wp\/v2\/types\/page"}],"author":[{"embeddable":true,"href":"http:\/\/clandata.sytes.net\/wordpress\/wp-json\/wp\/v2\/users\/1"}],"replies":[{"embeddable":true,"href":"http:\/\/clandata.sytes.net\/wordpress\/wp-json\/wp\/v2\/comments?post=1386"}],"version-history":[{"count":9,"href":"http:\/\/clandata.sytes.net\/wordpress\/wp-json\/wp\/v2\/pages\/1386\/revisions"}],"predecessor-version":[{"id":1726,"href":"http:\/\/clandata.sytes.net\/wordpress\/wp-json\/wp\/v2\/pages\/1386\/revisions\/1726"}],"wp:attachment":[{"href":"http:\/\/clandata.sytes.net\/wordpress\/wp-json\/wp\/v2\/media?parent=1386"}],"curies":[{"name":"wp","href":"https:\/\/api.w.org\/{rel}","templated":true}]}}