{"id":1254,"date":"2017-07-18T17:20:22","date_gmt":"2017-07-18T15:20:22","guid":{"rendered":"http:\/\/clandata.sytes.net\/wordpress\/?page_id=1254"},"modified":"2017-07-18T22:52:45","modified_gmt":"2017-07-18T20:52:45","slug":"konrad-mischung","status":"publish","type":"page","link":"http:\/\/clandata.sytes.net\/wordpress\/konrad-mischung\/","title":{"rendered":"Konrad Mischung"},"content":{"rendered":"<p>Geboren am 10. M\u00e4rz 1887 in Gro\u00df-Scham als Bauernsohn, dessen Vorfahren aus Traunau stammten, <img loading=\"lazy\" decoding=\"async\" class=\"size-medium wp-image-1177 alignleft\" src=\"http:\/\/clandata.sytes.net\/wordpress\/wp-content\/uploads\/2017\/07\/konrad.1.mischung-196x300.jpg\" alt=\"\" width=\"196\" height=\"300\" srcset=\"http:\/\/clandata.sytes.net\/wordpress\/wp-content\/uploads\/2017\/07\/konrad.1.mischung-196x300.jpg 196w, http:\/\/clandata.sytes.net\/wordpress\/wp-content\/uploads\/2017\/07\/konrad.1.mischung.jpg 293w\" sizes=\"auto, (max-width: 196px) 85vw, 196px\" \/>gefallen am 19. August 1915 als Leutnant an der Isonzo-Front (Italien). Volkschule im Geburtsort, Gymnasium und Mittelschule in Werschetz (1899-1907), Hochschulstudium (deutsche und franz\u00f6sische Sprache) in Budapest, Deutschland und Frankreich (Lyon). Er erwarb 1913 in Budapest sein Diplom als Philologieprofessor f\u00fcr Gymnasien. Anschlie\u00dfend war er Studienpr\u00e4fekt (Aufseher-P\u00e4dagoge) am Bauernkonvikt in Szegedin und Supplent an der dortigen Handelsschule.<\/p>\n<p>Als Student in Budapest gr\u00fcndete er im Oktober 1910 mit Kommilitonen (Anton Bader, Hans Hagel, Matthias Hubert u. a.) die schw\u00e4bische Jugendakademiker-Bewegung &#8222;Erzschwaben&#8220;, die sich gegen die ungarischen Entnationalisierungsbestrebungen einsetzte. Mischung wurde daher verd\u00e4chtigt, &#8222;pangermanische&#8220; Ansichten zu verbreiten. Als Einj\u00e4hrig-Freiwilliger gleich nach Ausbruch des ersten Weltkriegs einberufen kam er als Leutnant der Reserve an die Italienfront, wo er w\u00e4hrend eines Gefechtes am Isonzo t\u00f6dlich verletzt wurde. Einen Teil seiner Briefe von der Front (voller Todesahnung) ver\u00f6ffentlichte Dr. Thomas Sch\u00f6n (mit biographischen Daten und einem Foto) im Heft 2\/1927 der &#8222;Banater Deutschen Kulturhefte&#8220;.<\/p>\n<p>Werke von K. Mischung:<br \/>\nDie deutsche Mundart von Nagyzs\u00e0m. Budapest 1913 (Manuskript, Zulassungsarbeit)<br \/>\nEin Verm\u00e4chtnis in Briefen. Hans Diplich (Hrg.), Salzburg 1954<\/p>\n<p><small>Quelle f\u00fcr diese Seite:<br \/>\nBanatdeutsche Pers\u00f6nlichkeiten. NBZ, 13. April 1986<\/small><\/p>\n","protected":false},"excerpt":{"rendered":"<p>Geboren am 10. M\u00e4rz 1887 in Gro\u00df-Scham als Bauernsohn, dessen Vorfahren aus Traunau stammten, gefallen am 19. August 1915 als Leutnant an der Isonzo-Front (Italien). Volkschule im Geburtsort, Gymnasium und Mittelschule in Werschetz (1899-1907), Hochschulstudium (deutsche und franz\u00f6sische Sprache) in Budapest, Deutschland und Frankreich (Lyon). Er erwarb 1913 in Budapest sein Diplom als Philologieprofessor f\u00fcr &hellip; <a href=\"http:\/\/clandata.sytes.net\/wordpress\/konrad-mischung\/\" class=\"more-link\"><span class=\"screen-reader-text\">&#8222;Konrad Mischung&#8220; <\/span>weiterlesen<\/a><\/p>\n","protected":false},"author":3,"featured_media":0,"parent":0,"menu_order":0,"comment_status":"closed","ping_status":"closed","template":"","meta":{"_cbd_carousel_blocks":"[]","ngg_post_thumbnail":0,"footnotes":""},"class_list":["post-1254","page","type-page","status-publish","hentry"],"_links":{"self":[{"href":"http:\/\/clandata.sytes.net\/wordpress\/wp-json\/wp\/v2\/pages\/1254","targetHints":{"allow":["GET"]}}],"collection":[{"href":"http:\/\/clandata.sytes.net\/wordpress\/wp-json\/wp\/v2\/pages"}],"about":[{"href":"http:\/\/clandata.sytes.net\/wordpress\/wp-json\/wp\/v2\/types\/page"}],"author":[{"embeddable":true,"href":"http:\/\/clandata.sytes.net\/wordpress\/wp-json\/wp\/v2\/users\/3"}],"replies":[{"embeddable":true,"href":"http:\/\/clandata.sytes.net\/wordpress\/wp-json\/wp\/v2\/comments?post=1254"}],"version-history":[{"count":4,"href":"http:\/\/clandata.sytes.net\/wordpress\/wp-json\/wp\/v2\/pages\/1254\/revisions"}],"predecessor-version":[{"id":1270,"href":"http:\/\/clandata.sytes.net\/wordpress\/wp-json\/wp\/v2\/pages\/1254\/revisions\/1270"}],"wp:attachment":[{"href":"http:\/\/clandata.sytes.net\/wordpress\/wp-json\/wp\/v2\/media?parent=1254"}],"curies":[{"name":"wp","href":"https:\/\/api.w.org\/{rel}","templated":true}]}}