{"id":1249,"date":"2017-07-18T17:09:38","date_gmt":"2017-07-18T15:09:38","guid":{"rendered":"http:\/\/clandata.sytes.net\/wordpress\/?page_id=1249"},"modified":"2017-08-05T14:04:44","modified_gmt":"2017-08-05T12:04:44","slug":"hans-schmidt","status":"publish","type":"page","link":"http:\/\/clandata.sytes.net\/wordpress\/hans-schmidt\/","title":{"rendered":"Hans Schmidt"},"content":{"rendered":"<p>Hans Schmidt, 1924 geboren, war Schulkollege und ein Freund von mir. \u00c4hnlich wie J. Neumann in Rum\u00e4nien, hat H. Schmidt eine gro\u00dfe Leistung in \u00d6sterreich vollbracht. Schmidt war ein intelligenter Sch\u00fcler und ein talentierter Musiker (gelernt hat er bei Streng in der Knabenkapelle). Er spielte fast alle Blechinstrumente und Geige. Er sollte auch nach Temeswar in die Schule. Zu Hilfe kam ihm der rum\u00e4nische Direktorlehrer Moise Mregea, der zugleich Pfarrer der rum\u00e4nisch-orthodoxen Kirche in Gro\u00df-Scham war. Durch seine F\u00fcrsprache bekam er ein Stipendium an der rum\u00e4nischen Lehrerbildungsanstalt in Temeswar. Hier verbrachte er vier Jahre, bis er in die Banatia wechseln konnte. In der deutschen Lehrerbildungsanstalt war er neben Prof. Walter Leiter der Spielschar, \u00fcber die er auch ein Buch geschrieben hat. 1944 im August, nach den Pr\u00fcfungen, musste er gleich in die Wehrmacht einr\u00fccken. Er geriet in amerikanische Gefangenschaft und wurde 1946 in \u00d6sterreich entlassen. Hier fand er seine Eltern, die gefl\u00fcchtet waren. Zuerst musste er noch eine Pr\u00fcfung bestehen, dann durfte er die Kinder in den Fl\u00fcchtlingslagern unterrichten. 1954-1955 besuchte er noch die Lehrerbildungsanstalt in Salzburg, wo er das Abschlusszeugnis erhielt, um an staatlichen Schulen unterrichten zu d\u00fcrfen. Dann begann erst richtig seine Laufbahn in \u00d6sterreich. Er wurde Lehrer in Salzburg und gelangte an die Sonderschule f\u00fcr behinderte Kinder. Er war viele Jahre Schulinspektor und war leitend am Aufbau des Sonderschulwesens in Salzburg beteiligt. Dieses System wurde dann auf ganz \u00d6sterreich \u00fcbertragen. Daf\u00fcr wurde er vom Bundespr\u00e4sidenten mit einer hohen Auszeichnung geehrt.\u00a0(<em>Zitat J. Mayer<\/em>)<\/p>\n<p>Nach der Wende 1989 kn\u00fcpfte er Verbindungen nach Temeswar und Gro\u00df-Scham und organisierte Hilfsg\u00fcter f\u00fcr ein Kinderheim in Temeswar. 2001 ist er bei einem Spaziergang gestorben.<\/p>\n<p>Hans Schmidt wurde von allen geachtet und geehrt und erhielt im Laufe seines Lebens zw\u00f6lf Auszeichnungen; folgend eine Auswahl:<br \/>\n1975: Das goldene Ehrenzeichen der Katholischen Lehrerschaft<br \/>\n1981: Das goldene Ehrenzeichen des Landes Salzburg<br \/>\n1985: Das goldene Ehrenzeichen der Republik \u00d6sterreich<br \/>\n1987: Goldener Ehrenring der Lebenshilfe \u00d6sterreich<br \/>\n1992: B\u00fcrgerbrief der Landeshauptstadt Salzburg und Ehrenbecher des Bundeslandes Salzburg<\/p>\n<p>Werke von Hans Schmidt:<br \/>\n[Mit Anton Peter Petri] Heimatbuch der deutschen Gemeinde Gro\u00df-Scham im Banat. HOG Gro\u00df-Scham (Hrg.), Donauschw\u00e4bische Beitr\u00e4ge Nr. 81, Ebenau 1987<br \/>\nDen Menschen begleiten. Eine Dokumentation. . [Herausgeber] Die Deutsche-Jugend-Spielschar in Temeschburg. Pfinztal 1989. Salzburg 1989<\/p>\n<p><small>Quelle f\u00fcr diese Seite:<br \/>\nJohann Mayer (&#8230;): Freudenthal &#8211; Gro\u00df-Scham.<\/small><\/p>\n","protected":false},"excerpt":{"rendered":"<p>Hans Schmidt, 1924 geboren, war Schulkollege und ein Freund von mir. \u00c4hnlich wie J. Neumann in Rum\u00e4nien, hat H. Schmidt eine gro\u00dfe Leistung in \u00d6sterreich vollbracht. Schmidt war ein intelligenter Sch\u00fcler und ein talentierter Musiker (gelernt hat er bei Streng in der Knabenkapelle). Er spielte fast alle Blechinstrumente und Geige. Er sollte auch nach Temeswar &hellip; <a href=\"http:\/\/clandata.sytes.net\/wordpress\/hans-schmidt\/\" class=\"more-link\"><span class=\"screen-reader-text\">&#8222;Hans Schmidt&#8220; <\/span>weiterlesen<\/a><\/p>\n","protected":false},"author":3,"featured_media":0,"parent":0,"menu_order":0,"comment_status":"closed","ping_status":"closed","template":"","meta":{"_cbd_carousel_blocks":"[]","ngg_post_thumbnail":0,"footnotes":""},"class_list":["post-1249","page","type-page","status-publish","hentry"],"_links":{"self":[{"href":"http:\/\/clandata.sytes.net\/wordpress\/wp-json\/wp\/v2\/pages\/1249","targetHints":{"allow":["GET"]}}],"collection":[{"href":"http:\/\/clandata.sytes.net\/wordpress\/wp-json\/wp\/v2\/pages"}],"about":[{"href":"http:\/\/clandata.sytes.net\/wordpress\/wp-json\/wp\/v2\/types\/page"}],"author":[{"embeddable":true,"href":"http:\/\/clandata.sytes.net\/wordpress\/wp-json\/wp\/v2\/users\/3"}],"replies":[{"embeddable":true,"href":"http:\/\/clandata.sytes.net\/wordpress\/wp-json\/wp\/v2\/comments?post=1249"}],"version-history":[{"count":9,"href":"http:\/\/clandata.sytes.net\/wordpress\/wp-json\/wp\/v2\/pages\/1249\/revisions"}],"predecessor-version":[{"id":1399,"href":"http:\/\/clandata.sytes.net\/wordpress\/wp-json\/wp\/v2\/pages\/1249\/revisions\/1399"}],"wp:attachment":[{"href":"http:\/\/clandata.sytes.net\/wordpress\/wp-json\/wp\/v2\/media?parent=1249"}],"curies":[{"name":"wp","href":"https:\/\/api.w.org\/{rel}","templated":true}]}}